{"id":5090,"date":"2025-05-06T13:42:00","date_gmt":"2025-05-06T13:42:00","guid":{"rendered":"https:\/\/bunkerworld.eu\/?page_id=5090"},"modified":"2025-05-06T13:42:01","modified_gmt":"2025-05-06T13:42:01","slug":"qui-sommes-nous","status":"publish","type":"page","link":"https:\/\/bunkerworld.eu\/fr\/qui-sommes-nous\/","title":{"rendered":"\u00bfQUI SOMMES-NOUS?"},"content":{"rendered":"\t\t<div data-elementor-type=\"wp-page\" data-elementor-id=\"5090\" class=\"elementor elementor-5090 elementor-5088\">\n\t\t\t\t\t\t<section class=\"elementor-section elementor-top-section elementor-element elementor-element-7499aee elementor-section-full_width qode_elementor_container_inner elementor-section-height-default elementor-section-height-default parallax_section_no\" data-id=\"7499aee\" data-element_type=\"section\" data-e-type=\"section\">\n\t\t\t\t\t\t<div class=\"elementor-container elementor-column-gap-default\">\n\t\t\t\t\t<div class=\"elementor-column elementor-col-50 elementor-top-column elementor-element elementor-element-5b388cf\" data-id=\"5b388cf\" data-element_type=\"column\" data-e-type=\"column\">\n\t\t\t<div class=\"elementor-widget-wrap elementor-element-populated\">\n\t\t\t\t\t\t<div class=\"elementor-element elementor-element-16b579b elementor-widget elementor-widget-heading\" data-id=\"16b579b\" data-element_type=\"widget\" data-e-type=\"widget\" data-widget_type=\"heading.default\">\n\t\t\t\t<div class=\"elementor-widget-container\">\n\t\t\t\t\t<h2 class=\"elementor-heading-title elementor-size-default\">UNE \u00c9QUIPE AVEC <\/h2>\t\t\t\t<\/div>\n\t\t\t\t<\/div>\n\t\t\t\t<div class=\"elementor-element elementor-element-3565447 elementor-widget elementor-widget-heading\" data-id=\"3565447\" data-element_type=\"widget\" data-e-type=\"widget\" data-widget_type=\"heading.default\">\n\t\t\t\t<div class=\"elementor-widget-container\">\n\t\t\t\t\t<h2 class=\"elementor-heading-title elementor-size-default\">EXP\u00c9RIENCE <\/h2>\t\t\t\t<\/div>\n\t\t\t\t<\/div>\n\t\t\t\t<div class=\"elementor-element elementor-element-c517d68 elementor-widget__width-auto elementor-widget elementor-widget-heading\" data-id=\"c517d68\" data-element_type=\"widget\" data-e-type=\"widget\" data-widget_type=\"heading.default\">\n\t\t\t\t<div class=\"elementor-widget-container\">\n\t\t\t\t\t<h5 class=\"elementor-heading-title elementor-size-default\">&gt; Des experts en s\u00e9curit\u00e9 de haut niveau <\/h5>\t\t\t\t<\/div>\n\t\t\t\t<\/div>\n\t\t\t\t<div class=\"elementor-element elementor-element-4ff4e1d elementor-widget elementor-widget-spacer\" data-id=\"4ff4e1d\" data-element_type=\"widget\" data-e-type=\"widget\" data-widget_type=\"spacer.default\">\n\t\t\t\t<div class=\"elementor-widget-container\">\n\t\t\t\t\t\t\t<div class=\"elementor-spacer\">\n\t\t\t<div class=\"elementor-spacer-inner\"><\/div>\n\t\t<\/div>\n\t\t\t\t\t\t<\/div>\n\t\t\t\t<\/div>\n\t\t\t\t<div class=\"elementor-element elementor-element-4379598 elementor-widget elementor-widget-text-editor\" data-id=\"4379598\" data-element_type=\"widget\" data-e-type=\"widget\" data-widget_type=\"text-editor.default\">\n\t\t\t\t<div class=\"elementor-widget-container\">\n\t\t\t\t\t\t\t\t\t<p style=\"color: #1c1c1c;\">Le projet Bunker World est n\u00e9 de l&rsquo;union de deux entrepreneurs du secteur de la construction, avec plus de 25 ans d&rsquo;exp\u00e9rience dans tous les types de logements, travaux publics, industriels, h\u00f4teliers&#8230;<\/p><p>\u00a0<\/p><p style=\"color: #1c1c1c;\">Apr\u00e8s de nombreuses ann\u00e9es, nous avons d\u00e9cid\u00e9 d&rsquo;\u00e9tendre nos connaissances \u00e0 la construction de salles de panique et de bunkers. Compte tenu de la situation actuelle d&rsquo;incertitude, nous nous sommes sentis oblig\u00e9s de consacrer plus de temps \u00e0 la s\u00e9curit\u00e9 de nos clients.<\/p><p>\u00a0<\/p><p style=\"color: #1c1c1c;\">Apr\u00e8s de nombreuses ann\u00e9es, nous avons d\u00e9cid\u00e9 d&rsquo;\u00e9tendre nos connaissances \u00e0 la construction de salles de panique et de bunkers. Compte tenu de la situation actuelle d&rsquo;incertitude, nous nous sommes sentis oblig\u00e9s de consacrer plus de temps \u00e0 la s\u00e9curit\u00e9 de nos clients.<\/p>\t\t\t\t\t\t\t\t<\/div>\n\t\t\t\t<\/div>\n\t\t\t\t\t<\/div>\n\t\t<\/div>\n\t\t\t\t<div class=\"elementor-column elementor-col-50 elementor-top-column elementor-element elementor-element-90fedf7\" data-id=\"90fedf7\" data-element_type=\"column\" data-e-type=\"column\">\n\t\t\t<div class=\"elementor-widget-wrap elementor-element-populated\">\n\t\t\t\t\t\t<div class=\"elementor-element elementor-element-edcdc65 elementor-widget__width-initial elementor-widget elementor-widget-image\" data-id=\"edcdc65\" data-element_type=\"widget\" data-e-type=\"widget\" data-widget_type=\"image.default\">\n\t\t\t\t<div class=\"elementor-widget-container\">\n\t\t\t\t\t\t\t\t\t\t\t\t\t\t\t<img fetchpriority=\"high\" decoding=\"async\" width=\"684\" height=\"493\" src=\"https:\/\/bunkerworld.eu\/wp-content\/uploads\/2023\/07\/bunker_world_sobre_nosotros.png\" class=\"attachment-full size-full wp-image-2848\" alt=\"\" srcset=\"https:\/\/bunkerworld.eu\/wp-content\/uploads\/2023\/07\/bunker_world_sobre_nosotros.png 684w, https:\/\/bunkerworld.eu\/wp-content\/uploads\/2023\/07\/bunker_world_sobre_nosotros-300x216.png 300w\" sizes=\"(max-width: 684px) 100vw, 684px\" \/>\t\t\t\t\t\t\t\t\t\t\t\t\t\t\t<\/div>\n\t\t\t\t<\/div>\n\t\t\t\t\t<\/div>\n\t\t<\/div>\n\t\t\t\t\t<\/div>\n\t\t<\/section>\n\t\t\t\t<section class=\"elementor-section elementor-top-section elementor-element elementor-element-22e63089 elementor-section-full_width elementor-section-height-default elementor-section-height-default parallax_section_no qode_elementor_container_no\" data-id=\"22e63089\" data-element_type=\"section\" data-e-type=\"section\">\n\t\t\t\t\t\t<div class=\"elementor-container elementor-column-gap-default\">\n\t\t\t\t\t<div class=\"elementor-column elementor-col-100 elementor-top-column elementor-element elementor-element-18868f01\" data-id=\"18868f01\" data-element_type=\"column\" data-e-type=\"column\">\n\t\t\t<div class=\"elementor-widget-wrap elementor-element-populated\">\n\t\t\t\t\t\t<div class=\"elementor-element elementor-element-4d204bc6 elementor-widget elementor-widget-bridge_action\" data-id=\"4d204bc6\" data-element_type=\"widget\" data-e-type=\"widget\" data-widget_type=\"bridge_action.default\">\n\t\t\t\t<div class=\"elementor-widget-container\">\n\t\t\t\t\t<div class=\"call_to_action normal\" style=\"padding-top: 61px;padding-bottom: 61px;\"><div class=\"container_inner\"><div class=\"two_columns_75_25 clearfix\"><div class=\"text_wrapper column1\"><div class=\"call_to_action_text  font_size_inherit font_weight_inherit letter_spacing_inherit\" style=\"font-size:22px;font-weight: 700;letter-spacing: 1px;\"><h4>LA S\u00c9CURIT\u00c9, C'EST SAVOIR QUE VOUS ET LES V\u00d4TRES \u00caTES EN S\u00c9CURIT\u00c9. <\/h4><\/div><\/div><div class=\"button_wrapper column2\"><a itemprop=\"url\" href=\"https:\/\/bunkerworld.eu\/fr\/contacto\/\" class=\"qbutton white \" target=\"\" style=\"color: #000000;border-color: #FFFFFF;background-color: #FFFFFF;\" data-hover-background-color=#000000 data-hover-color=#FFFFFF>COMMEN\u00c7ONS <\/a><\/div><\/div><\/div><\/div>\t\t\t\t<\/div>\n\t\t\t\t<\/div>\n\t\t\t\t\t<\/div>\n\t\t<\/div>\n\t\t\t\t\t<\/div>\n\t\t<\/section>\n\t\t\t\t<\/div>\n\t\t","protected":false},"excerpt":{"rendered":"<p>UNE \u00c9QUIPE AVEC EXP\u00c9RIENCE &gt; Des experts en s\u00e9curit\u00e9 de haut niveau Le projet Bunker World est n\u00e9 de l&rsquo;union de deux entrepreneurs du secteur de la construction, avec plus de 25 ans d&rsquo;exp\u00e9rience dans tous les types de logements, travaux publics, industriels, h\u00f4teliers&#8230; \u00a0&#8230;<\/p>\n","protected":false},"author":2,"featured_media":0,"parent":0,"menu_order":0,"comment_status":"closed","ping_status":"closed","template":"full_width.php","meta":{"footnotes":""},"class_list":["post-5090","page","type-page","status-publish","hentry"],"yoast_head":"<!-- This site is optimized with the Yoast SEO plugin v23.5 - https:\/\/yoast.com\/wordpress\/plugins\/seo\/ -->\n<title>\u00bfQUI SOMMES-NOUS? - Bunker World<\/title>\n<meta name=\"robots\" content=\"index, follow, max-snippet:-1, max-image-preview:large, max-video-preview:-1\" \/>\n<link rel=\"canonical\" href=\"https:\/\/bunkerworld.eu\/fr\/qui-sommes-nous\/\" \/>\n<meta property=\"og:locale\" content=\"fr_FR\" \/>\n<meta property=\"og:type\" content=\"article\" \/>\n<meta property=\"og:title\" content=\"\u00bfQUI SOMMES-NOUS? - Bunker World\" \/>\n<meta property=\"og:description\" content=\"UNE \u00c9QUIPE AVEC EXP\u00c9RIENCE &gt; Des experts en s\u00e9curit\u00e9 de haut niveau Le projet Bunker World est n\u00e9 de l&rsquo;union de deux entrepreneurs du secteur de la construction, avec plus de 25 ans d&rsquo;exp\u00e9rience dans tous les types de logements, travaux publics, industriels, h\u00f4teliers&#8230; \u00a0...\" \/>\n<meta property=\"og:url\" content=\"https:\/\/bunkerworld.eu\/fr\/qui-sommes-nous\/\" \/>\n<meta property=\"og:site_name\" content=\"Bunker World\" \/>\n<meta property=\"article:modified_time\" content=\"2025-05-06T13:42:01+00:00\" \/>\n<meta property=\"og:image\" content=\"https:\/\/bunkerworld.eu\/wp-content\/uploads\/2023\/07\/bunker_world_sobre_nosotros.png\" \/>\n<meta name=\"twitter:card\" content=\"summary_large_image\" \/>\n<meta name=\"twitter:label1\" content=\"Dur\u00e9e de lecture estim\u00e9e\" \/>\n\t<meta name=\"twitter:data1\" content=\"1 minute\" \/>\n<script type=\"application\/ld+json\" class=\"yoast-schema-graph\">{\"@context\":\"https:\/\/schema.org\",\"@graph\":[{\"@type\":\"WebPage\",\"@id\":\"https:\/\/bunkerworld.eu\/fr\/qui-sommes-nous\/\",\"url\":\"https:\/\/bunkerworld.eu\/fr\/qui-sommes-nous\/\",\"name\":\"\u00bfQUI SOMMES-NOUS? - Bunker World\",\"isPartOf\":{\"@id\":\"https:\/\/bunkerworld.eu\/#website\"},\"primaryImageOfPage\":{\"@id\":\"https:\/\/bunkerworld.eu\/fr\/qui-sommes-nous\/#primaryimage\"},\"image\":{\"@id\":\"https:\/\/bunkerworld.eu\/fr\/qui-sommes-nous\/#primaryimage\"},\"thumbnailUrl\":\"https:\/\/bunkerworld.eu\/wp-content\/uploads\/2023\/07\/bunker_world_sobre_nosotros.png\",\"datePublished\":\"2025-05-06T13:42:00+00:00\",\"dateModified\":\"2025-05-06T13:42:01+00:00\",\"breadcrumb\":{\"@id\":\"https:\/\/bunkerworld.eu\/fr\/qui-sommes-nous\/#breadcrumb\"},\"inLanguage\":\"fr-FR\",\"potentialAction\":[{\"@type\":\"ReadAction\",\"target\":[\"https:\/\/bunkerworld.eu\/fr\/qui-sommes-nous\/\"]}]},{\"@type\":\"ImageObject\",\"inLanguage\":\"fr-FR\",\"@id\":\"https:\/\/bunkerworld.eu\/fr\/qui-sommes-nous\/#primaryimage\",\"url\":\"https:\/\/bunkerworld.eu\/wp-content\/uploads\/2023\/07\/bunker_world_sobre_nosotros.png\",\"contentUrl\":\"https:\/\/bunkerworld.eu\/wp-content\/uploads\/2023\/07\/bunker_world_sobre_nosotros.png\"},{\"@type\":\"BreadcrumbList\",\"@id\":\"https:\/\/bunkerworld.eu\/fr\/qui-sommes-nous\/#breadcrumb\",\"itemListElement\":[{\"@type\":\"ListItem\",\"position\":1,\"name\":\"Portada\",\"item\":\"https:\/\/bunkerworld.eu\/\"},{\"@type\":\"ListItem\",\"position\":2,\"name\":\"\u00bfQUI SOMMES-NOUS?\"}]},{\"@type\":\"WebSite\",\"@id\":\"https:\/\/bunkerworld.eu\/#website\",\"url\":\"https:\/\/bunkerworld.eu\/\",\"name\":\"Bunker World\",\"description\":\"Seguridad y protecci\u00f3n en tu hogar\",\"potentialAction\":[{\"@type\":\"SearchAction\",\"target\":{\"@type\":\"EntryPoint\",\"urlTemplate\":\"https:\/\/bunkerworld.eu\/?s={search_term_string}\"},\"query-input\":{\"@type\":\"PropertyValueSpecification\",\"valueRequired\":true,\"valueName\":\"search_term_string\"}}],\"inLanguage\":\"fr-FR\"}]}<\/script>\n<!-- \/ Yoast SEO plugin. -->","yoast_head_json":{"title":"\u00bfQUI SOMMES-NOUS? - Bunker World","robots":{"index":"index","follow":"follow","max-snippet":"max-snippet:-1","max-image-preview":"max-image-preview:large","max-video-preview":"max-video-preview:-1"},"canonical":"https:\/\/bunkerworld.eu\/fr\/qui-sommes-nous\/","og_locale":"fr_FR","og_type":"article","og_title":"\u00bfQUI SOMMES-NOUS? - Bunker World","og_description":"UNE \u00c9QUIPE AVEC EXP\u00c9RIENCE &gt; Des experts en s\u00e9curit\u00e9 de haut niveau Le projet Bunker World est n\u00e9 de l&rsquo;union de deux entrepreneurs du secteur de la construction, avec plus de 25 ans d&rsquo;exp\u00e9rience dans tous les types de logements, travaux publics, industriels, h\u00f4teliers&#8230; \u00a0...","og_url":"https:\/\/bunkerworld.eu\/fr\/qui-sommes-nous\/","og_site_name":"Bunker World","article_modified_time":"2025-05-06T13:42:01+00:00","og_image":[{"url":"https:\/\/bunkerworld.eu\/wp-content\/uploads\/2023\/07\/bunker_world_sobre_nosotros.png"}],"twitter_card":"summary_large_image","twitter_misc":{"Dur\u00e9e de lecture estim\u00e9e":"1 minute"},"schema":{"@context":"https:\/\/schema.org","@graph":[{"@type":"WebPage","@id":"https:\/\/bunkerworld.eu\/fr\/qui-sommes-nous\/","url":"https:\/\/bunkerworld.eu\/fr\/qui-sommes-nous\/","name":"\u00bfQUI SOMMES-NOUS? - Bunker World","isPartOf":{"@id":"https:\/\/bunkerworld.eu\/#website"},"primaryImageOfPage":{"@id":"https:\/\/bunkerworld.eu\/fr\/qui-sommes-nous\/#primaryimage"},"image":{"@id":"https:\/\/bunkerworld.eu\/fr\/qui-sommes-nous\/#primaryimage"},"thumbnailUrl":"https:\/\/bunkerworld.eu\/wp-content\/uploads\/2023\/07\/bunker_world_sobre_nosotros.png","datePublished":"2025-05-06T13:42:00+00:00","dateModified":"2025-05-06T13:42:01+00:00","breadcrumb":{"@id":"https:\/\/bunkerworld.eu\/fr\/qui-sommes-nous\/#breadcrumb"},"inLanguage":"fr-FR","potentialAction":[{"@type":"ReadAction","target":["https:\/\/bunkerworld.eu\/fr\/qui-sommes-nous\/"]}]},{"@type":"ImageObject","inLanguage":"fr-FR","@id":"https:\/\/bunkerworld.eu\/fr\/qui-sommes-nous\/#primaryimage","url":"https:\/\/bunkerworld.eu\/wp-content\/uploads\/2023\/07\/bunker_world_sobre_nosotros.png","contentUrl":"https:\/\/bunkerworld.eu\/wp-content\/uploads\/2023\/07\/bunker_world_sobre_nosotros.png"},{"@type":"BreadcrumbList","@id":"https:\/\/bunkerworld.eu\/fr\/qui-sommes-nous\/#breadcrumb","itemListElement":[{"@type":"ListItem","position":1,"name":"Portada","item":"https:\/\/bunkerworld.eu\/"},{"@type":"ListItem","position":2,"name":"\u00bfQUI SOMMES-NOUS?"}]},{"@type":"WebSite","@id":"https:\/\/bunkerworld.eu\/#website","url":"https:\/\/bunkerworld.eu\/","name":"Bunker World","description":"Seguridad y protecci\u00f3n en tu hogar","potentialAction":[{"@type":"SearchAction","target":{"@type":"EntryPoint","urlTemplate":"https:\/\/bunkerworld.eu\/?s={search_term_string}"},"query-input":{"@type":"PropertyValueSpecification","valueRequired":true,"valueName":"search_term_string"}}],"inLanguage":"fr-FR"}]}},"_links":{"self":[{"href":"https:\/\/bunkerworld.eu\/fr\/wp-json\/wp\/v2\/pages\/5090","targetHints":{"allow":["GET"]}}],"collection":[{"href":"https:\/\/bunkerworld.eu\/fr\/wp-json\/wp\/v2\/pages"}],"about":[{"href":"https:\/\/bunkerworld.eu\/fr\/wp-json\/wp\/v2\/types\/page"}],"author":[{"embeddable":true,"href":"https:\/\/bunkerworld.eu\/fr\/wp-json\/wp\/v2\/users\/2"}],"replies":[{"embeddable":true,"href":"https:\/\/bunkerworld.eu\/fr\/wp-json\/wp\/v2\/comments?post=5090"}],"version-history":[{"count":1,"href":"https:\/\/bunkerworld.eu\/fr\/wp-json\/wp\/v2\/pages\/5090\/revisions"}],"predecessor-version":[{"id":5092,"href":"https:\/\/bunkerworld.eu\/fr\/wp-json\/wp\/v2\/pages\/5090\/revisions\/5092"}],"wp:attachment":[{"href":"https:\/\/bunkerworld.eu\/fr\/wp-json\/wp\/v2\/media?parent=5090"}],"curies":[{"name":"wp","href":"https:\/\/api.w.org\/{rel}","templated":true}]}}