{"id":3894,"date":"2024-11-27T13:42:55","date_gmt":"2024-11-27T13:42:55","guid":{"rendered":"https:\/\/bunkerworld.eu\/?page_id=3894"},"modified":"2024-11-29T09:58:03","modified_gmt":"2024-11-29T09:58:03","slug":"transformacion-de-viviendas","status":"publish","type":"page","link":"https:\/\/bunkerworld.eu\/fr\/transformacion-de-viviendas\/","title":{"rendered":"CONVERSIONS DE LOGEMENTS"},"content":{"rendered":"\t\t<div data-elementor-type=\"wp-page\" data-elementor-id=\"3894\" class=\"elementor elementor-3894 elementor-3892\">\n\t\t\t\t\t\t<section class=\"elementor-section elementor-top-section elementor-element elementor-element-af30f81 elementor-section-full_width qode_elementor_container_inner elementor-section-height-default elementor-section-height-default parallax_section_no\" data-id=\"af30f81\" data-element_type=\"section\" data-e-type=\"section\">\n\t\t\t\t\t\t<div class=\"elementor-container elementor-column-gap-default\">\n\t\t\t\t\t<div class=\"elementor-column elementor-col-50 elementor-top-column elementor-element elementor-element-75ba38d\" data-id=\"75ba38d\" data-element_type=\"column\" data-e-type=\"column\">\n\t\t\t<div class=\"elementor-widget-wrap elementor-element-populated\">\n\t\t\t\t\t\t<div class=\"elementor-element elementor-element-6e1f4b6 elementor-widget elementor-widget-heading\" data-id=\"6e1f4b6\" data-element_type=\"widget\" data-e-type=\"widget\" data-widget_type=\"heading.default\">\n\t\t\t\t<div class=\"elementor-widget-container\">\n\t\t\t\t\t<h2 class=\"elementor-heading-title elementor-size-default\">TRANSFORMATION <\/h2>\t\t\t\t<\/div>\n\t\t\t\t<\/div>\n\t\t\t\t<div class=\"elementor-element elementor-element-bf56494 elementor-widget elementor-widget-heading\" data-id=\"bf56494\" data-element_type=\"widget\" data-e-type=\"widget\" data-widget_type=\"heading.default\">\n\t\t\t\t<div class=\"elementor-widget-container\">\n\t\t\t\t\t<h2 class=\"elementor-heading-title elementor-size-default\">DU LOGEMENT <\/h2>\t\t\t\t<\/div>\n\t\t\t\t<\/div>\n\t\t\t\t<div class=\"elementor-element elementor-element-87a518a elementor-widget__width-auto elementor-widget elementor-widget-heading\" data-id=\"87a518a\" data-element_type=\"widget\" data-e-type=\"widget\" data-widget_type=\"heading.default\">\n\t\t\t\t<div class=\"elementor-widget-container\">\n\t\t\t\t\t<h5 class=\"elementor-heading-title elementor-size-default\">&gt; En salles de panique<\/h5>\t\t\t\t<\/div>\n\t\t\t\t<\/div>\n\t\t\t\t<div class=\"elementor-element elementor-element-7af6848 elementor-widget elementor-widget-spacer\" data-id=\"7af6848\" data-element_type=\"widget\" data-e-type=\"widget\" data-widget_type=\"spacer.default\">\n\t\t\t\t<div class=\"elementor-widget-container\">\n\t\t\t\t\t\t\t<div class=\"elementor-spacer\">\n\t\t\t<div class=\"elementor-spacer-inner\"><\/div>\n\t\t<\/div>\n\t\t\t\t\t\t<\/div>\n\t\t\t\t<\/div>\n\t\t\t\t<div class=\"elementor-element elementor-element-b6a82e9 elementor-widget elementor-widget-text-editor\" data-id=\"b6a82e9\" data-element_type=\"widget\" data-e-type=\"widget\" data-widget_type=\"text-editor.default\">\n\t\t\t\t<div class=\"elementor-widget-container\">\n\t\t\t\t\t\t\t\t\tChez Bunkerworld, nous sommes experts dans la transformation des habitations en salles de panique et en bunkers s\u00e9curis\u00e9s. Nous nous soucions de la s\u00e9curit\u00e9 de nos clients et offrons des solutions personnalis\u00e9es pour les prot\u00e9ger en cas d&rsquo;urgence.\n<\/br><\/br>\nNotre \u00e9quipe de professionnels travaille en \u00e9troite collaboration et avec d\u00e9vouement pour concevoir des espaces s\u00fbrs et efficaces qui r\u00e9pondent \u00e0 tous les besoins sp\u00e9cifiques. Nous utilisons des mat\u00e9riaux durables et de haute qualit\u00e9 pour garantir la solidit\u00e9 et la stabilit\u00e9 de l&rsquo;abri.  \n\n<\/br><\/br>\n\n<strong>Nous sommes une entreprise fiable qui s&rsquo;engage \u00e0 assurer la s\u00e9curit\u00e9 et le bien-\u00eatre de nos familles. <\/strong>\t\t\t\t\t\t\t\t<\/div>\n\t\t\t\t<\/div>\n\t\t\t\t<div class=\"elementor-element elementor-element-079e37c elementor-widget elementor-widget-button\" data-id=\"079e37c\" data-element_type=\"widget\" data-e-type=\"widget\" data-widget_type=\"button.default\">\n\t\t\t\t<div class=\"elementor-widget-container\">\n\t\t\t\t\t\t\t\t\t<div class=\"elementor-button-wrapper\">\n\t\t\t\t\t<a class=\"elementor-button elementor-button-link elementor-size-sm\" href=\"https:\/\/bunkerworld.eu\/wp-content\/uploads\/2024\/11\/VT-MODULO-PANICO.pdf\" target=\"_blank\">\n\t\t\t\t\t\t<span class=\"elementor-button-content-wrapper\">\n\t\t\t\t\t\t\t\t\t<span class=\"elementor-button-text\">Voir le plan technique<\/span>\n\t\t\t\t\t<\/span>\n\t\t\t\t\t<\/a>\n\t\t\t\t<\/div>\n\t\t\t\t\t\t\t\t<\/div>\n\t\t\t\t<\/div>\n\t\t\t\t\t<\/div>\n\t\t<\/div>\n\t\t\t\t<div class=\"elementor-column elementor-col-50 elementor-top-column elementor-element elementor-element-9331c8b\" data-id=\"9331c8b\" data-element_type=\"column\" data-e-type=\"column\">\n\t\t\t<div class=\"elementor-widget-wrap elementor-element-populated\">\n\t\t\t\t\t\t<div class=\"elementor-element elementor-element-be48b53 elementor-widget__width-initial elementor-widget elementor-widget-image\" data-id=\"be48b53\" data-element_type=\"widget\" data-e-type=\"widget\" data-widget_type=\"image.default\">\n\t\t\t\t<div class=\"elementor-widget-container\">\n\t\t\t\t\t\t\t\t\t\t\t\t\t\t\t<img fetchpriority=\"high\" decoding=\"async\" width=\"1030\" height=\"677\" src=\"https:\/\/bunkerworld.eu\/wp-content\/uploads\/2024\/11\/Safety_transformacion_bunker_world_proteccion_casas_.png\" class=\"attachment-full size-full wp-image-3849\" alt=\"\" srcset=\"https:\/\/bunkerworld.eu\/wp-content\/uploads\/2024\/11\/Safety_transformacion_bunker_world_proteccion_casas_.png 1030w, https:\/\/bunkerworld.eu\/wp-content\/uploads\/2024\/11\/Safety_transformacion_bunker_world_proteccion_casas_-300x197.png 300w, https:\/\/bunkerworld.eu\/wp-content\/uploads\/2024\/11\/Safety_transformacion_bunker_world_proteccion_casas_-1024x673.png 1024w, https:\/\/bunkerworld.eu\/wp-content\/uploads\/2024\/11\/Safety_transformacion_bunker_world_proteccion_casas_-768x505.png 768w, https:\/\/bunkerworld.eu\/wp-content\/uploads\/2024\/11\/Safety_transformacion_bunker_world_proteccion_casas_-700x460.png 700w\" sizes=\"(max-width: 1030px) 100vw, 1030px\" \/>\t\t\t\t\t\t\t\t\t\t\t\t\t\t\t<\/div>\n\t\t\t\t<\/div>\n\t\t\t\t\t<\/div>\n\t\t<\/div>\n\t\t\t\t\t<\/div>\n\t\t<\/section>\n\t\t\t\t<section class=\"elementor-section elementor-top-section elementor-element elementor-element-611ec7f1 elementor-section-full_width qode_elementor_container_inner elementor-section-height-default elementor-section-height-default parallax_section_no\" data-id=\"611ec7f1\" data-element_type=\"section\" data-e-type=\"section\">\n\t\t\t\t\t\t<div class=\"elementor-container elementor-column-gap-default\">\n\t\t\t\t\t<div class=\"elementor-column elementor-col-50 elementor-top-column elementor-element elementor-element-2818946e\" data-id=\"2818946e\" data-element_type=\"column\" data-e-type=\"column\">\n\t\t\t<div class=\"elementor-widget-wrap elementor-element-populated\">\n\t\t\t\t\t\t<div class=\"elementor-element elementor-element-6b3b82ea elementor-arrows-position-inside elementor-widget elementor-widget-image-carousel\" data-id=\"6b3b82ea\" data-element_type=\"widget\" data-e-type=\"widget\" data-settings=\"{&quot;slides_to_show&quot;:&quot;1&quot;,&quot;navigation&quot;:&quot;arrows&quot;,&quot;autoplay&quot;:&quot;yes&quot;,&quot;pause_on_hover&quot;:&quot;yes&quot;,&quot;pause_on_interaction&quot;:&quot;yes&quot;,&quot;autoplay_speed&quot;:5000,&quot;infinite&quot;:&quot;yes&quot;,&quot;effect&quot;:&quot;slide&quot;,&quot;speed&quot;:500}\" data-widget_type=\"image-carousel.default\">\n\t\t\t\t<div class=\"elementor-widget-container\">\n\t\t\t\t\t\t\t<div class=\"elementor-image-carousel-wrapper swiper\" role=\"region\" aria-roledescription=\"carousel\" aria-label=\"Carrousel d\u2019images\" dir=\"ltr\">\n\t\t\t<div class=\"elementor-image-carousel swiper-wrapper\" aria-live=\"off\">\n\t\t\t\t\t\t\t\t<div class=\"swiper-slide\" role=\"group\" aria-roledescription=\"slide\" aria-label=\"1 sur 5\"><figure class=\"swiper-slide-inner\"><img decoding=\"async\" class=\"swiper-slide-image\" src=\"https:\/\/bunkerworld.eu\/wp-content\/uploads\/2024\/11\/Pruebas-bunker-6-1024x745.png\" alt=\"Pruebas bunker (6)\" \/><\/figure><\/div><div class=\"swiper-slide\" role=\"group\" aria-roledescription=\"slide\" aria-label=\"2 sur 5\"><figure class=\"swiper-slide-inner\"><img decoding=\"async\" class=\"swiper-slide-image\" src=\"https:\/\/bunkerworld.eu\/wp-content\/uploads\/2024\/11\/Pruebas-bunker-5-1024x745.png\" alt=\"Pruebas bunker (5)\" \/><\/figure><\/div><div class=\"swiper-slide\" role=\"group\" aria-roledescription=\"slide\" aria-label=\"3 sur 5\"><figure class=\"swiper-slide-inner\"><img decoding=\"async\" class=\"swiper-slide-image\" src=\"https:\/\/bunkerworld.eu\/wp-content\/uploads\/2024\/11\/Pruebas-bunker-4-1024x745.png\" alt=\"Pruebas bunker (4)\" \/><\/figure><\/div><div class=\"swiper-slide\" role=\"group\" aria-roledescription=\"slide\" aria-label=\"4 sur 5\"><figure class=\"swiper-slide-inner\"><img decoding=\"async\" class=\"swiper-slide-image\" src=\"https:\/\/bunkerworld.eu\/wp-content\/uploads\/2024\/11\/Pruebas-bunker-3-1024x745.png\" alt=\"Pruebas bunker (3)\" \/><\/figure><\/div><div class=\"swiper-slide\" role=\"group\" aria-roledescription=\"slide\" aria-label=\"5 sur 5\"><figure class=\"swiper-slide-inner\"><img decoding=\"async\" class=\"swiper-slide-image\" src=\"https:\/\/bunkerworld.eu\/wp-content\/uploads\/2024\/11\/BUNKER-01.jpg\" alt=\"BUNKER 01\" \/><\/figure><\/div>\t\t\t<\/div>\n\t\t\t\t\t\t\t\t\t\t\t\t<div class=\"elementor-swiper-button elementor-swiper-button-prev\" role=\"button\" tabindex=\"0\">\n\t\t\t\t\t\t<i aria-hidden=\"true\" class=\"eicon-chevron-left\"><\/i>\t\t\t\t\t<\/div>\n\t\t\t\t\t<div class=\"elementor-swiper-button elementor-swiper-button-next\" role=\"button\" tabindex=\"0\">\n\t\t\t\t\t\t<i aria-hidden=\"true\" class=\"eicon-chevron-right\"><\/i>\t\t\t\t\t<\/div>\n\t\t\t\t\n\t\t\t\t\t\t\t\t\t<\/div>\n\t\t\t\t\t\t<\/div>\n\t\t\t\t<\/div>\n\t\t\t\t\t<\/div>\n\t\t<\/div>\n\t\t\t\t<div class=\"elementor-column elementor-col-50 elementor-top-column elementor-element elementor-element-3cf93d65\" data-id=\"3cf93d65\" data-element_type=\"column\" data-e-type=\"column\">\n\t\t\t<div class=\"elementor-widget-wrap elementor-element-populated\">\n\t\t\t\t\t\t<div class=\"elementor-element elementor-element-2748c0e elementor-widget__width-auto elementor-widget elementor-widget-heading\" data-id=\"2748c0e\" data-element_type=\"widget\" data-e-type=\"widget\" data-widget_type=\"heading.default\">\n\t\t\t\t<div class=\"elementor-widget-container\">\n\t\t\t\t\t<h5 class=\"elementor-heading-title elementor-size-default\">&gt; Un refuge dans votre maison <\/h5>\t\t\t\t<\/div>\n\t\t\t\t<\/div>\n\t\t\t\t<div class=\"elementor-element elementor-element-4d031113 elementor-widget elementor-widget-spacer\" data-id=\"4d031113\" data-element_type=\"widget\" data-e-type=\"widget\" data-widget_type=\"spacer.default\">\n\t\t\t\t<div class=\"elementor-widget-container\">\n\t\t\t\t\t\t\t<div class=\"elementor-spacer\">\n\t\t\t<div class=\"elementor-spacer-inner\"><\/div>\n\t\t<\/div>\n\t\t\t\t\t\t<\/div>\n\t\t\t\t<\/div>\n\t\t\t\t<div class=\"elementor-element elementor-element-d728c86 elementor-widget elementor-widget-text-editor\" data-id=\"d728c86\" data-element_type=\"widget\" data-e-type=\"widget\" data-widget_type=\"text-editor.default\">\n\t\t\t\t<div class=\"elementor-widget-container\">\n\t\t\t\t\t\t\t\t\tSi vous souhaitez transformer votre maison en panic room, vous \u00eates au bon endroit. Notre \u00e9quipe hautement qualifi\u00e9e et sp\u00e9cialis\u00e9e transformera votre espace de vie en un havre de paix dot\u00e9 du meilleur syst\u00e8me de ventilation NBC et d&rsquo;une s\u00e9curit\u00e9 maximale. Nous comprenons que la s\u00e9curit\u00e9 de votre famille est la chose la plus importante, c&rsquo;est pourquoi nous utilisons des mat\u00e9riaux et des \u00e9quipements de haute qualit\u00e9 pour garantir une protection maximale contre tout danger.  \n<\/br><\/br>\n\nNous analyserons votre espace en d\u00e9tail, en identifiant les vuln\u00e9rabilit\u00e9s potentielles et en vous proposant la meilleure solution adapt\u00e9e \u00e0 vos besoins sp\u00e9cifiques.  \n<\/br><\/br>\nEn outre, nous vous fournirons un service personnalis\u00e9 et amical \u00e0 chaque \u00e9tape du processus. Nous vous accompagnons depuis le choix des mat\u00e9riaux jusqu&rsquo;\u00e0 l&rsquo;installation compl\u00e8te du syst\u00e8me de ventilation NBC et d&rsquo;une s\u00e9curit\u00e9 maximale. \t\t\t\t\t\t\t\t<\/div>\n\t\t\t\t<\/div>\n\t\t\t\t<div class=\"elementor-element elementor-element-7a15f19 elementor-widget elementor-widget-text-editor\" data-id=\"7a15f19\" data-element_type=\"widget\" data-e-type=\"widget\" data-widget_type=\"text-editor.default\">\n\t\t\t\t<div class=\"elementor-widget-container\">\n\t\t\t\t\t\t\t\t\t<p>\u00a0<\/p><p><img decoding=\"async\" class=\"wp-image-2851 alignright\" src=\"https:\/\/bunkerworld.eu\/wp-content\/uploads\/2023\/07\/bunker_world_familia_-297x300.png\" alt=\"\" width=\"115\" height=\"116\" srcset=\"https:\/\/bunkerworld.eu\/wp-content\/uploads\/2023\/07\/bunker_world_familia_-297x300.png 297w, https:\/\/bunkerworld.eu\/wp-content\/uploads\/2023\/07\/bunker_world_familia_-150x150.png 150w, https:\/\/bunkerworld.eu\/wp-content\/uploads\/2023\/07\/bunker_world_familia_-768x776.png 768w, https:\/\/bunkerworld.eu\/wp-content\/uploads\/2023\/07\/bunker_world_familia_-570x570.png 570w, https:\/\/bunkerworld.eu\/wp-content\/uploads\/2023\/07\/bunker_world_familia_-500x500.png 500w, https:\/\/bunkerworld.eu\/wp-content\/uploads\/2023\/07\/bunker_world_familia_-700x708.png 700w, https:\/\/bunkerworld.eu\/wp-content\/uploads\/2023\/07\/bunker_world_familia_-650x650.png 650w, https:\/\/bunkerworld.eu\/wp-content\/uploads\/2023\/07\/bunker_world_familia_.png 920w\" sizes=\"(max-width: 115px) 100vw, 115px\" \/><\/p>\t\t\t\t\t\t\t\t<\/div>\n\t\t\t\t<\/div>\n\t\t\t\t\t<\/div>\n\t\t<\/div>\n\t\t\t\t\t<\/div>\n\t\t<\/section>\n\t\t\t\t<section class=\"elementor-section elementor-top-section elementor-element elementor-element-22e63089 elementor-section-full_width elementor-section-height-default elementor-section-height-default parallax_section_no qode_elementor_container_no\" data-id=\"22e63089\" data-element_type=\"section\" data-e-type=\"section\">\n\t\t\t\t\t\t<div class=\"elementor-container elementor-column-gap-default\">\n\t\t\t\t\t<div class=\"elementor-column elementor-col-100 elementor-top-column elementor-element elementor-element-18868f01\" data-id=\"18868f01\" data-element_type=\"column\" data-e-type=\"column\">\n\t\t\t<div class=\"elementor-widget-wrap elementor-element-populated\">\n\t\t\t\t\t\t<div class=\"elementor-element elementor-element-4d204bc6 elementor-widget elementor-widget-bridge_action\" data-id=\"4d204bc6\" data-element_type=\"widget\" data-e-type=\"widget\" data-widget_type=\"bridge_action.default\">\n\t\t\t\t<div class=\"elementor-widget-container\">\n\t\t\t\t\t<div class=\"call_to_action normal\" style=\"padding-top: 61px;padding-bottom: 61px;\"><div class=\"container_inner\"><div class=\"two_columns_75_25 clearfix\"><div class=\"text_wrapper column1\"><div class=\"call_to_action_text  font_size_inherit font_weight_inherit letter_spacing_inherit\" style=\"font-size:22px;font-weight: 700;letter-spacing: 1px;\"><h4>LA S\u00c9CURIT\u00c9, C'EST SAVOIR QUE VOUS ET LES V\u00d4TRES \u00caTES EN S\u00c9CURIT\u00c9<\/h4><\/div><\/div><div class=\"button_wrapper column2\"><a itemprop=\"url\" href=\"https:\/\/bunkerworld.eu\/fr\/contacto\/\" class=\"qbutton white \" target=\"\" style=\"color: #000000;border-color: #FFFFFF;background-color: #FFFFFF;\" data-hover-background-color=#000000 data-hover-color=#FFFFFF>COMMEN\u00c7ONS <\/a><\/div><\/div><\/div><\/div>\t\t\t\t<\/div>\n\t\t\t\t<\/div>\n\t\t\t\t\t<\/div>\n\t\t<\/div>\n\t\t\t\t\t<\/div>\n\t\t<\/section>\n\t\t\t\t<\/div>\n\t\t","protected":false},"excerpt":{"rendered":"<p>TRANSFORMATION DU LOGEMENT &gt; En salles de panique Chez Bunkerworld, nous sommes experts dans la transformation des habitations en salles de panique et en bunkers s\u00e9curis\u00e9s. Nous nous soucions de la s\u00e9curit\u00e9 de nos clients et offrons des solutions personnalis\u00e9es pour les prot\u00e9ger en cas&#8230;<\/p>\n","protected":false},"author":2,"featured_media":0,"parent":0,"menu_order":0,"comment_status":"closed","ping_status":"closed","template":"full_width.php","meta":{"footnotes":""},"class_list":["post-3894","page","type-page","status-publish","hentry"],"yoast_head":"<!-- This site is optimized with the Yoast SEO plugin v23.5 - https:\/\/yoast.com\/wordpress\/plugins\/seo\/ -->\n<title>Transformamos tu vivienda en habitaci\u00f3n del p\u00e1nico - Bunker World<\/title>\n<meta name=\"description\" content=\"\u00bfQuieres convertir un espacio de la casa en una habitaci\u00f3n del p\u00e1nico? Nos ocupamos de transformar tu vivienda en un espacio seguro.\" \/>\n<meta name=\"robots\" content=\"index, follow, max-snippet:-1, max-image-preview:large, max-video-preview:-1\" \/>\n<link rel=\"canonical\" href=\"https:\/\/bunkerworld.eu\/transformacion-de-viviendas\/\" \/>\n<meta property=\"og:locale\" content=\"fr_FR\" \/>\n<meta property=\"og:type\" content=\"article\" \/>\n<meta property=\"og:title\" content=\"Transformamos tu vivienda en habitaci\u00f3n del p\u00e1nico - Bunker World\" \/>\n<meta property=\"og:description\" content=\"\u00bfQuieres convertir un espacio de la casa en una habitaci\u00f3n del p\u00e1nico? Nos ocupamos de transformar tu vivienda en un espacio seguro.\" \/>\n<meta property=\"og:url\" content=\"https:\/\/bunkerworld.eu\/transformacion-de-viviendas\/\" \/>\n<meta property=\"og:site_name\" content=\"Bunker World\" \/>\n<meta property=\"article:modified_time\" content=\"2024-11-29T09:58:03+00:00\" \/>\n<meta property=\"og:image\" content=\"https:\/\/bunkerworld.eu\/wp-content\/uploads\/2024\/11\/Safety_transformacion_bunker_world_proteccion_casas_.png\" \/>\n<meta name=\"twitter:card\" content=\"summary_large_image\" \/>\n<meta name=\"twitter:label1\" content=\"Dur\u00e9e de lecture estim\u00e9e\" \/>\n\t<meta name=\"twitter:data1\" content=\"4 minutes\" \/>\n<script type=\"application\/ld+json\" class=\"yoast-schema-graph\">{\"@context\":\"https:\/\/schema.org\",\"@graph\":[{\"@type\":\"WebPage\",\"@id\":\"https:\/\/bunkerworld.eu\/transformacion-de-viviendas\/\",\"url\":\"https:\/\/bunkerworld.eu\/transformacion-de-viviendas\/\",\"name\":\"Transformamos tu vivienda en habitaci\u00f3n del p\u00e1nico - Bunker World\",\"isPartOf\":{\"@id\":\"https:\/\/bunkerworld.eu\/#website\"},\"primaryImageOfPage\":{\"@id\":\"https:\/\/bunkerworld.eu\/transformacion-de-viviendas\/#primaryimage\"},\"image\":{\"@id\":\"https:\/\/bunkerworld.eu\/transformacion-de-viviendas\/#primaryimage\"},\"thumbnailUrl\":\"https:\/\/bunkerworld.eu\/wp-content\/uploads\/2024\/11\/Safety_transformacion_bunker_world_proteccion_casas_.png\",\"datePublished\":\"2024-11-27T13:42:55+00:00\",\"dateModified\":\"2024-11-29T09:58:03+00:00\",\"description\":\"\u00bfQuieres convertir un espacio de la casa en una habitaci\u00f3n del p\u00e1nico? Nos ocupamos de transformar tu vivienda en un espacio seguro.\",\"breadcrumb\":{\"@id\":\"https:\/\/bunkerworld.eu\/transformacion-de-viviendas\/#breadcrumb\"},\"inLanguage\":\"fr-FR\",\"potentialAction\":[{\"@type\":\"ReadAction\",\"target\":[\"https:\/\/bunkerworld.eu\/transformacion-de-viviendas\/\"]}]},{\"@type\":\"ImageObject\",\"inLanguage\":\"fr-FR\",\"@id\":\"https:\/\/bunkerworld.eu\/transformacion-de-viviendas\/#primaryimage\",\"url\":\"https:\/\/bunkerworld.eu\/wp-content\/uploads\/2024\/11\/Safety_transformacion_bunker_world_proteccion_casas_.png\",\"contentUrl\":\"https:\/\/bunkerworld.eu\/wp-content\/uploads\/2024\/11\/Safety_transformacion_bunker_world_proteccion_casas_.png\"},{\"@type\":\"BreadcrumbList\",\"@id\":\"https:\/\/bunkerworld.eu\/transformacion-de-viviendas\/#breadcrumb\",\"itemListElement\":[{\"@type\":\"ListItem\",\"position\":1,\"name\":\"Portada\",\"item\":\"https:\/\/bunkerworld.eu\/\"},{\"@type\":\"ListItem\",\"position\":2,\"name\":\"CONVERSIONS DE LOGEMENTS\"}]},{\"@type\":\"WebSite\",\"@id\":\"https:\/\/bunkerworld.eu\/#website\",\"url\":\"https:\/\/bunkerworld.eu\/\",\"name\":\"Bunker World\",\"description\":\"Seguridad y protecci\u00f3n en tu hogar\",\"potentialAction\":[{\"@type\":\"SearchAction\",\"target\":{\"@type\":\"EntryPoint\",\"urlTemplate\":\"https:\/\/bunkerworld.eu\/?s={search_term_string}\"},\"query-input\":{\"@type\":\"PropertyValueSpecification\",\"valueRequired\":true,\"valueName\":\"search_term_string\"}}],\"inLanguage\":\"fr-FR\"}]}<\/script>\n<!-- \/ Yoast SEO plugin. -->","yoast_head_json":{"title":"Transformamos tu vivienda en habitaci\u00f3n del p\u00e1nico - Bunker World","description":"\u00bfQuieres convertir un espacio de la casa en una habitaci\u00f3n del p\u00e1nico? Nos ocupamos de transformar tu vivienda en un espacio seguro.","robots":{"index":"index","follow":"follow","max-snippet":"max-snippet:-1","max-image-preview":"max-image-preview:large","max-video-preview":"max-video-preview:-1"},"canonical":"https:\/\/bunkerworld.eu\/transformacion-de-viviendas\/","og_locale":"fr_FR","og_type":"article","og_title":"Transformamos tu vivienda en habitaci\u00f3n del p\u00e1nico - Bunker World","og_description":"\u00bfQuieres convertir un espacio de la casa en una habitaci\u00f3n del p\u00e1nico? Nos ocupamos de transformar tu vivienda en un espacio seguro.","og_url":"https:\/\/bunkerworld.eu\/transformacion-de-viviendas\/","og_site_name":"Bunker World","article_modified_time":"2024-11-29T09:58:03+00:00","og_image":[{"url":"https:\/\/bunkerworld.eu\/wp-content\/uploads\/2024\/11\/Safety_transformacion_bunker_world_proteccion_casas_.png"}],"twitter_card":"summary_large_image","twitter_misc":{"Dur\u00e9e de lecture estim\u00e9e":"4 minutes"},"schema":{"@context":"https:\/\/schema.org","@graph":[{"@type":"WebPage","@id":"https:\/\/bunkerworld.eu\/transformacion-de-viviendas\/","url":"https:\/\/bunkerworld.eu\/transformacion-de-viviendas\/","name":"Transformamos tu vivienda en habitaci\u00f3n del p\u00e1nico - Bunker World","isPartOf":{"@id":"https:\/\/bunkerworld.eu\/#website"},"primaryImageOfPage":{"@id":"https:\/\/bunkerworld.eu\/transformacion-de-viviendas\/#primaryimage"},"image":{"@id":"https:\/\/bunkerworld.eu\/transformacion-de-viviendas\/#primaryimage"},"thumbnailUrl":"https:\/\/bunkerworld.eu\/wp-content\/uploads\/2024\/11\/Safety_transformacion_bunker_world_proteccion_casas_.png","datePublished":"2024-11-27T13:42:55+00:00","dateModified":"2024-11-29T09:58:03+00:00","description":"\u00bfQuieres convertir un espacio de la casa en una habitaci\u00f3n del p\u00e1nico? Nos ocupamos de transformar tu vivienda en un espacio seguro.","breadcrumb":{"@id":"https:\/\/bunkerworld.eu\/transformacion-de-viviendas\/#breadcrumb"},"inLanguage":"fr-FR","potentialAction":[{"@type":"ReadAction","target":["https:\/\/bunkerworld.eu\/transformacion-de-viviendas\/"]}]},{"@type":"ImageObject","inLanguage":"fr-FR","@id":"https:\/\/bunkerworld.eu\/transformacion-de-viviendas\/#primaryimage","url":"https:\/\/bunkerworld.eu\/wp-content\/uploads\/2024\/11\/Safety_transformacion_bunker_world_proteccion_casas_.png","contentUrl":"https:\/\/bunkerworld.eu\/wp-content\/uploads\/2024\/11\/Safety_transformacion_bunker_world_proteccion_casas_.png"},{"@type":"BreadcrumbList","@id":"https:\/\/bunkerworld.eu\/transformacion-de-viviendas\/#breadcrumb","itemListElement":[{"@type":"ListItem","position":1,"name":"Portada","item":"https:\/\/bunkerworld.eu\/"},{"@type":"ListItem","position":2,"name":"CONVERSIONS DE LOGEMENTS"}]},{"@type":"WebSite","@id":"https:\/\/bunkerworld.eu\/#website","url":"https:\/\/bunkerworld.eu\/","name":"Bunker World","description":"Seguridad y protecci\u00f3n en tu hogar","potentialAction":[{"@type":"SearchAction","target":{"@type":"EntryPoint","urlTemplate":"https:\/\/bunkerworld.eu\/?s={search_term_string}"},"query-input":{"@type":"PropertyValueSpecification","valueRequired":true,"valueName":"search_term_string"}}],"inLanguage":"fr-FR"}]}},"_links":{"self":[{"href":"https:\/\/bunkerworld.eu\/fr\/wp-json\/wp\/v2\/pages\/3894","targetHints":{"allow":["GET"]}}],"collection":[{"href":"https:\/\/bunkerworld.eu\/fr\/wp-json\/wp\/v2\/pages"}],"about":[{"href":"https:\/\/bunkerworld.eu\/fr\/wp-json\/wp\/v2\/types\/page"}],"author":[{"embeddable":true,"href":"https:\/\/bunkerworld.eu\/fr\/wp-json\/wp\/v2\/users\/2"}],"replies":[{"embeddable":true,"href":"https:\/\/bunkerworld.eu\/fr\/wp-json\/wp\/v2\/comments?post=3894"}],"version-history":[{"count":20,"href":"https:\/\/bunkerworld.eu\/fr\/wp-json\/wp\/v2\/pages\/3894\/revisions"}],"predecessor-version":[{"id":4600,"href":"https:\/\/bunkerworld.eu\/fr\/wp-json\/wp\/v2\/pages\/3894\/revisions\/4600"}],"wp:attachment":[{"href":"https:\/\/bunkerworld.eu\/fr\/wp-json\/wp\/v2\/media?parent=3894"}],"curies":[{"name":"wp","href":"https:\/\/api.w.org\/{rel}","templated":true}]}}