{"id":3089,"date":"2024-08-20T10:47:46","date_gmt":"2024-08-20T10:47:46","guid":{"rendered":"https:\/\/bunkerworld.eu\/?page_id=3089"},"modified":"2024-08-20T10:47:46","modified_gmt":"2024-08-20T10:47:46","slug":"confidentialite-2","status":"publish","type":"page","link":"https:\/\/bunkerworld.eu\/fr\/confidentialite-2\/","title":{"rendered":"CONFIDENTIALIT\u00c9"},"content":{"rendered":"\t\t<div data-elementor-type=\"wp-page\" data-elementor-id=\"3089\" class=\"elementor elementor-3089 elementor-3087\">\n\t\t\t\t\t\t<section class=\"elementor-section elementor-top-section elementor-element elementor-element-7499aee elementor-section-full_width qode_elementor_container_inner elementor-section-height-default elementor-section-height-default parallax_section_no\" data-id=\"7499aee\" data-element_type=\"section\" data-e-type=\"section\">\n\t\t\t\t\t\t<div class=\"elementor-container elementor-column-gap-default\">\n\t\t\t\t\t<div class=\"elementor-column elementor-col-50 elementor-top-column elementor-element elementor-element-5b388cf\" data-id=\"5b388cf\" data-element_type=\"column\" data-e-type=\"column\">\n\t\t\t<div class=\"elementor-widget-wrap elementor-element-populated\">\n\t\t\t\t\t\t<div class=\"elementor-element elementor-element-16b579b elementor-widget elementor-widget-heading\" data-id=\"16b579b\" data-element_type=\"widget\" data-e-type=\"widget\" data-widget_type=\"heading.default\">\n\t\t\t\t<div class=\"elementor-widget-container\">\n\t\t\t\t\t<h2 class=\"elementor-heading-title elementor-size-default\">CONFIDENTIALIT\u00c9 TOTALE <\/h2>\t\t\t\t<\/div>\n\t\t\t\t<\/div>\n\t\t\t\t<div class=\"elementor-element elementor-element-3565447 elementor-widget elementor-widget-heading\" data-id=\"3565447\" data-element_type=\"widget\" data-e-type=\"widget\" data-widget_type=\"heading.default\">\n\t\t\t\t<div class=\"elementor-widget-container\">\n\t\t\t\t\t<h2 class=\"elementor-heading-title elementor-size-default\">ACCORD DE CONFIDENTIALIT\u00c9 <\/h2>\t\t\t\t<\/div>\n\t\t\t\t<\/div>\n\t\t\t\t<div class=\"elementor-element elementor-element-c517d68 elementor-widget__width-auto elementor-widget elementor-widget-heading\" data-id=\"c517d68\" data-element_type=\"widget\" data-e-type=\"widget\" data-widget_type=\"heading.default\">\n\t\t\t\t<div class=\"elementor-widget-container\">\n\t\t\t\t\t<h5 class=\"elementor-heading-title elementor-size-default\">&gt; Protection des informations<\/h5>\t\t\t\t<\/div>\n\t\t\t\t<\/div>\n\t\t\t\t<div class=\"elementor-element elementor-element-4ff4e1d elementor-widget elementor-widget-spacer\" data-id=\"4ff4e1d\" data-element_type=\"widget\" data-e-type=\"widget\" data-widget_type=\"spacer.default\">\n\t\t\t\t<div class=\"elementor-widget-container\">\n\t\t\t\t\t\t\t<div class=\"elementor-spacer\">\n\t\t\t<div class=\"elementor-spacer-inner\"><\/div>\n\t\t<\/div>\n\t\t\t\t\t\t<\/div>\n\t\t\t\t<\/div>\n\t\t\t\t<div class=\"elementor-element elementor-element-4379598 elementor-widget elementor-widget-text-editor\" data-id=\"4379598\" data-element_type=\"widget\" data-e-type=\"widget\" data-widget_type=\"text-editor.default\">\n\t\t\t\t<div class=\"elementor-widget-container\">\n\t\t\t\t\t\t\t\t\tDans notre entreprise, nous prenons tr\u00e8s au s\u00e9rieux la protection et la s\u00e9curit\u00e9 de nos clients. Nous mettons en \u0153uvre des mesures de s\u00e9curit\u00e9 physiques et num\u00e9riques rigoureuses pour garantir la confidentialit\u00e9 des informations.\u2028\u2028Notre \u00e9quipe est hautement qualifi\u00e9e et s&rsquo;engage \u00e0 respecter la confidentialit\u00e9. \n<\/br><\/br>\n\nChaque membre du personnel a sign\u00e9 des accords de confidentialit\u00e9 et suit strictement les protocoles \u00e9tablis pour traiter et prot\u00e9ger les informations privil\u00e9gi\u00e9es qui nous sont confi\u00e9es.\u2028\u2028Nous nous engageons \u00e0 pr\u00e9server la vie priv\u00e9e de nos clients \u00e0 tout moment et agissons conform\u00e9ment aux lois et r\u00e9glementations applicables en mati\u00e8re de protection des donn\u00e9es. La confiance que nous accordent nos clients est primordiale et nous travaillons sans rel\u00e2che pour la m\u00e9riter et la conserver.\n<\/br><\/br>\nNous sommes toujours pr\u00eats \u00e0 discuter des pr\u00e9occupations de nos clients en mati\u00e8re de protection de la vie priv\u00e9e et \u00e0 adapter nos pratiques en cons\u00e9quence. En tant qu&rsquo;entreprise, nous savons que la confidentialit\u00e9 est un aspect essentiel de la r\u00e9ussite avec nos clients, et nous sommes fiers d&rsquo;\u00eatre votre partenaire de confiance dans ce domaine.\t\t\t\t\t\t\t\t<\/div>\n\t\t\t\t<\/div>\n\t\t\t\t<div class=\"elementor-element elementor-element-8ca40c0 elementor-widget elementor-widget-spacer\" data-id=\"8ca40c0\" data-element_type=\"widget\" data-e-type=\"widget\" data-widget_type=\"spacer.default\">\n\t\t\t\t<div class=\"elementor-widget-container\">\n\t\t\t\t\t\t\t<div class=\"elementor-spacer\">\n\t\t\t<div class=\"elementor-spacer-inner\"><\/div>\n\t\t<\/div>\n\t\t\t\t\t\t<\/div>\n\t\t\t\t<\/div>\n\t\t\t\t<div class=\"elementor-element elementor-element-6a4fb8b elementor-widget__width-initial elementor-widget-divider--view-line elementor-widget elementor-widget-divider\" data-id=\"6a4fb8b\" data-element_type=\"widget\" data-e-type=\"widget\" data-widget_type=\"divider.default\">\n\t\t\t\t<div class=\"elementor-widget-container\">\n\t\t\t\t\t\t\t<div class=\"elementor-divider\">\n\t\t\t<span class=\"elementor-divider-separator\">\n\t\t\t\t\t\t<\/span>\n\t\t<\/div>\n\t\t\t\t\t\t<\/div>\n\t\t\t\t<\/div>\n\t\t\t\t<div class=\"elementor-element elementor-element-668b773 elementor-widget elementor-widget-text-editor\" data-id=\"668b773\" data-element_type=\"widget\" data-e-type=\"widget\" data-widget_type=\"text-editor.default\">\n\t\t\t\t<div class=\"elementor-widget-container\">\n\t\t\t\t\t\t\t\t\tChez Bunker World, nous garantissons la confidentialit\u00e9 et la discr\u00e9tion pendant et apr\u00e8s l&rsquo;installation. De m\u00eame, nous conseillons \u00e0 nos clients d&rsquo;\u00eatre tout aussi discrets, car ils prot\u00e8gent leur s\u00e9curit\u00e9 et celle de leur famille.\t\t\t\t\t\t\t\t<\/div>\n\t\t\t\t<\/div>\n\t\t\t\t\t<\/div>\n\t\t<\/div>\n\t\t\t\t<div class=\"elementor-column elementor-col-50 elementor-top-column elementor-element elementor-element-90fedf7\" data-id=\"90fedf7\" data-element_type=\"column\" data-e-type=\"column\">\n\t\t\t<div class=\"elementor-widget-wrap elementor-element-populated\">\n\t\t\t\t\t\t<div class=\"elementor-element elementor-element-edcdc65 elementor-widget__width-initial elementor-widget elementor-widget-image\" data-id=\"edcdc65\" data-element_type=\"widget\" data-e-type=\"widget\" data-widget_type=\"image.default\">\n\t\t\t\t<div class=\"elementor-widget-container\">\n\t\t\t\t\t\t\t\t\t\t\t\t\t\t\t<img fetchpriority=\"high\" decoding=\"async\" width=\"1030\" height=\"678\" src=\"https:\/\/bunkerworld.eu\/wp-content\/uploads\/2023\/07\/bunker_world_confidencialidad_puerta_acorazada.png\" class=\"attachment-full size-full wp-image-2792\" alt=\"\" srcset=\"https:\/\/bunkerworld.eu\/wp-content\/uploads\/2023\/07\/bunker_world_confidencialidad_puerta_acorazada.png 1030w, https:\/\/bunkerworld.eu\/wp-content\/uploads\/2023\/07\/bunker_world_confidencialidad_puerta_acorazada-300x197.png 300w, https:\/\/bunkerworld.eu\/wp-content\/uploads\/2023\/07\/bunker_world_confidencialidad_puerta_acorazada-1024x674.png 1024w, https:\/\/bunkerworld.eu\/wp-content\/uploads\/2023\/07\/bunker_world_confidencialidad_puerta_acorazada-768x506.png 768w, https:\/\/bunkerworld.eu\/wp-content\/uploads\/2023\/07\/bunker_world_confidencialidad_puerta_acorazada-700x461.png 700w\" sizes=\"(max-width: 1030px) 100vw, 1030px\" \/>\t\t\t\t\t\t\t\t\t\t\t\t\t\t\t<\/div>\n\t\t\t\t<\/div>\n\t\t\t\t\t<\/div>\n\t\t<\/div>\n\t\t\t\t\t<\/div>\n\t\t<\/section>\n\t\t\t\t<section class=\"elementor-section elementor-top-section elementor-element elementor-element-22e63089 elementor-section-full_width elementor-section-height-default elementor-section-height-default parallax_section_no qode_elementor_container_no\" data-id=\"22e63089\" data-element_type=\"section\" data-e-type=\"section\" data-settings=\"{&quot;background_background&quot;:&quot;classic&quot;}\">\n\t\t\t\t\t\t<div class=\"elementor-container elementor-column-gap-default\">\n\t\t\t\t\t<div class=\"elementor-column elementor-col-100 elementor-top-column elementor-element elementor-element-18868f01\" data-id=\"18868f01\" data-element_type=\"column\" data-e-type=\"column\">\n\t\t\t<div class=\"elementor-widget-wrap elementor-element-populated\">\n\t\t\t\t\t\t<section class=\"elementor-section elementor-inner-section elementor-element elementor-element-51fb874 elementor-section-boxed elementor-section-height-default elementor-section-height-default parallax_section_no qode_elementor_container_no\" data-id=\"51fb874\" data-element_type=\"section\" data-e-type=\"section\">\n\t\t\t\t\t\t<div class=\"elementor-container elementor-column-gap-default\">\n\t\t\t\t\t<div class=\"elementor-column elementor-col-100 elementor-inner-column elementor-element elementor-element-854a546\" data-id=\"854a546\" data-element_type=\"column\" data-e-type=\"column\">\n\t\t\t<div class=\"elementor-widget-wrap elementor-element-populated\">\n\t\t\t\t\t\t<div class=\"elementor-element elementor-element-6beb433 elementor-widget__width-inherit elementor-widget elementor-widget-heading\" data-id=\"6beb433\" data-element_type=\"widget\" data-e-type=\"widget\" data-widget_type=\"heading.default\">\n\t\t\t\t<div class=\"elementor-widget-container\">\n\t\t\t\t\t<h3 class=\"elementor-heading-title elementor-size-default\">Nous sommes l\u00e0 pour vous aider et veiller \u00e0 ce que vos informations soient toujours en s\u00e9curit\u00e9. Si vous avez des questions ou des inqui\u00e9tudes concernant notre politique de confidentialit\u00e9, n'h\u00e9sitez pas \u00e0 nous contacter.\n<\/h3>\t\t\t\t<\/div>\n\t\t\t\t<\/div>\n\t\t\t\t<div class=\"elementor-element elementor-element-fe426d4 elementor-widget__width-inherit elementor-widget elementor-widget-heading\" data-id=\"fe426d4\" data-element_type=\"widget\" data-e-type=\"widget\" data-widget_type=\"heading.default\">\n\t\t\t\t<div class=\"elementor-widget-container\">\n\t\t\t\t\t<h3 class=\"elementor-heading-title elementor-size-default\"><strong>Nous nous engageons \u00e0 vous donner la tranquillit\u00e9 d'esprit dont vous avez besoin en mati\u00e8re de s\u00e9curit\u00e9 et de confidentialit\u00e9 ! <\/strong><\/h3>\t\t\t\t<\/div>\n\t\t\t\t<\/div>\n\t\t\t\t\t<\/div>\n\t\t<\/div>\n\t\t\t\t\t<\/div>\n\t\t<\/section>\n\t\t\t\t\t<\/div>\n\t\t<\/div>\n\t\t\t\t\t<\/div>\n\t\t<\/section>\n\t\t\t\t<section class=\"elementor-section elementor-top-section elementor-element elementor-element-4ccf392 elementor-section-full_width elementor-section-height-default elementor-section-height-default parallax_section_no qode_elementor_container_no\" data-id=\"4ccf392\" data-element_type=\"section\" data-e-type=\"section\">\n\t\t\t\t\t\t<div class=\"elementor-container elementor-column-gap-default\">\n\t\t\t\t\t<div class=\"elementor-column elementor-col-100 elementor-top-column elementor-element elementor-element-b4bbe58\" data-id=\"b4bbe58\" data-element_type=\"column\" data-e-type=\"column\">\n\t\t\t<div class=\"elementor-widget-wrap elementor-element-populated\">\n\t\t\t\t\t\t<div class=\"elementor-element elementor-element-63132f3 elementor-widget elementor-widget-bridge_action\" data-id=\"63132f3\" data-element_type=\"widget\" data-e-type=\"widget\" data-widget_type=\"bridge_action.default\">\n\t\t\t\t<div class=\"elementor-widget-container\">\n\t\t\t\t\t<div class=\"call_to_action normal\" style=\"background-color: #F2BF01;padding-top: 61px;padding-bottom: 61px;\"><div class=\"container_inner\"><div class=\"two_columns_75_25 clearfix\"><div class=\"text_wrapper column1\"><div class=\"call_to_action_text  font_size_inherit font_weight_inherit letter_spacing_inherit\" style=\"font-size:22px;font-weight: 700;letter-spacing: 1px;\"><h4>LA S\u00c9CURIT\u00c9, C'EST SAVOIR QUE VOUS ET LES V\u00d4TRES \u00caTES EN S\u00c9CURIT\u00c9.<\/h4><\/div><\/div><div class=\"button_wrapper column2\"><a itemprop=\"url\" href=\"https:\/\/bunkerworld.eu\/fr\/contacto\/\" class=\"qbutton white \" target=\"\" style=\"color: #000000;border-color: #FFFFFF;background-color: #FFFFFF;\" data-hover-background-color=#000000 data-hover-color=#FFFFFF>COMMEN\u00c7ONS <\/a><\/div><\/div><\/div><\/div>\t\t\t\t<\/div>\n\t\t\t\t<\/div>\n\t\t\t\t\t<\/div>\n\t\t<\/div>\n\t\t\t\t\t<\/div>\n\t\t<\/section>\n\t\t\t\t<\/div>\n\t\t","protected":false},"excerpt":{"rendered":"<p>CONFIDENTIALIT\u00c9 TOTALE ACCORD DE CONFIDENTIALIT\u00c9 &gt; Protection des informations Dans notre entreprise, nous prenons tr\u00e8s au s\u00e9rieux la protection et la s\u00e9curit\u00e9 de nos clients. Nous mettons en \u0153uvre des mesures de s\u00e9curit\u00e9 physiques et num\u00e9riques rigoureuses pour garantir la confidentialit\u00e9 des informations.\u2028\u2028Notre \u00e9quipe est&#8230;<\/p>\n","protected":false},"author":2,"featured_media":0,"parent":0,"menu_order":0,"comment_status":"closed","ping_status":"closed","template":"full_width.php","meta":{"footnotes":""},"class_list":["post-3089","page","type-page","status-publish","hentry"],"yoast_head":"<!-- This site is optimized with the Yoast SEO plugin v23.5 - https:\/\/yoast.com\/wordpress\/plugins\/seo\/ -->\n<title>CONFIDENTIALIT\u00c9 - Bunker World<\/title>\n<meta name=\"robots\" content=\"index, follow, max-snippet:-1, max-image-preview:large, max-video-preview:-1\" \/>\n<link rel=\"canonical\" href=\"https:\/\/bunkerworld.eu\/fr\/confidentialite-2\/\" \/>\n<meta property=\"og:locale\" content=\"fr_FR\" \/>\n<meta property=\"og:type\" content=\"article\" \/>\n<meta property=\"og:title\" content=\"CONFIDENTIALIT\u00c9 - Bunker World\" \/>\n<meta property=\"og:description\" content=\"CONFIDENTIALIT\u00c9 TOTALE ACCORD DE CONFIDENTIALIT\u00c9 &gt; Protection des informations Dans notre entreprise, nous prenons tr\u00e8s au s\u00e9rieux la protection et la s\u00e9curit\u00e9 de nos clients. Nous mettons en \u0153uvre des mesures de s\u00e9curit\u00e9 physiques et num\u00e9riques rigoureuses pour garantir la confidentialit\u00e9 des informations.\u2028\u2028Notre \u00e9quipe est...\" \/>\n<meta property=\"og:url\" content=\"https:\/\/bunkerworld.eu\/fr\/confidentialite-2\/\" \/>\n<meta property=\"og:site_name\" content=\"Bunker World\" \/>\n<meta property=\"og:image\" content=\"https:\/\/bunkerworld.eu\/wp-content\/uploads\/2023\/07\/bunker_world_confidencialidad_puerta_acorazada.png\" \/>\n<meta name=\"twitter:card\" content=\"summary_large_image\" \/>\n<meta name=\"twitter:label1\" content=\"Dur\u00e9e de lecture estim\u00e9e\" \/>\n\t<meta name=\"twitter:data1\" content=\"2 minutes\" \/>\n<script type=\"application\/ld+json\" class=\"yoast-schema-graph\">{\"@context\":\"https:\/\/schema.org\",\"@graph\":[{\"@type\":\"WebPage\",\"@id\":\"https:\/\/bunkerworld.eu\/fr\/confidentialite-2\/\",\"url\":\"https:\/\/bunkerworld.eu\/fr\/confidentialite-2\/\",\"name\":\"CONFIDENTIALIT\u00c9 - Bunker World\",\"isPartOf\":{\"@id\":\"https:\/\/bunkerworld.eu\/#website\"},\"primaryImageOfPage\":{\"@id\":\"https:\/\/bunkerworld.eu\/fr\/confidentialite-2\/#primaryimage\"},\"image\":{\"@id\":\"https:\/\/bunkerworld.eu\/fr\/confidentialite-2\/#primaryimage\"},\"thumbnailUrl\":\"https:\/\/bunkerworld.eu\/wp-content\/uploads\/2023\/07\/bunker_world_confidencialidad_puerta_acorazada.png\",\"datePublished\":\"2024-08-20T10:47:46+00:00\",\"dateModified\":\"2024-08-20T10:47:46+00:00\",\"breadcrumb\":{\"@id\":\"https:\/\/bunkerworld.eu\/fr\/confidentialite-2\/#breadcrumb\"},\"inLanguage\":\"fr-FR\",\"potentialAction\":[{\"@type\":\"ReadAction\",\"target\":[\"https:\/\/bunkerworld.eu\/fr\/confidentialite-2\/\"]}]},{\"@type\":\"ImageObject\",\"inLanguage\":\"fr-FR\",\"@id\":\"https:\/\/bunkerworld.eu\/fr\/confidentialite-2\/#primaryimage\",\"url\":\"https:\/\/bunkerworld.eu\/wp-content\/uploads\/2023\/07\/bunker_world_confidencialidad_puerta_acorazada.png\",\"contentUrl\":\"https:\/\/bunkerworld.eu\/wp-content\/uploads\/2023\/07\/bunker_world_confidencialidad_puerta_acorazada.png\"},{\"@type\":\"BreadcrumbList\",\"@id\":\"https:\/\/bunkerworld.eu\/fr\/confidentialite-2\/#breadcrumb\",\"itemListElement\":[{\"@type\":\"ListItem\",\"position\":1,\"name\":\"Portada\",\"item\":\"https:\/\/bunkerworld.eu\/\"},{\"@type\":\"ListItem\",\"position\":2,\"name\":\"CONFIDENTIALIT\u00c9\"}]},{\"@type\":\"WebSite\",\"@id\":\"https:\/\/bunkerworld.eu\/#website\",\"url\":\"https:\/\/bunkerworld.eu\/\",\"name\":\"Bunker World\",\"description\":\"Seguridad y protecci\u00f3n en tu hogar\",\"potentialAction\":[{\"@type\":\"SearchAction\",\"target\":{\"@type\":\"EntryPoint\",\"urlTemplate\":\"https:\/\/bunkerworld.eu\/?s={search_term_string}\"},\"query-input\":{\"@type\":\"PropertyValueSpecification\",\"valueRequired\":true,\"valueName\":\"search_term_string\"}}],\"inLanguage\":\"fr-FR\"}]}<\/script>\n<!-- \/ Yoast SEO plugin. -->","yoast_head_json":{"title":"CONFIDENTIALIT\u00c9 - Bunker World","robots":{"index":"index","follow":"follow","max-snippet":"max-snippet:-1","max-image-preview":"max-image-preview:large","max-video-preview":"max-video-preview:-1"},"canonical":"https:\/\/bunkerworld.eu\/fr\/confidentialite-2\/","og_locale":"fr_FR","og_type":"article","og_title":"CONFIDENTIALIT\u00c9 - Bunker World","og_description":"CONFIDENTIALIT\u00c9 TOTALE ACCORD DE CONFIDENTIALIT\u00c9 &gt; Protection des informations Dans notre entreprise, nous prenons tr\u00e8s au s\u00e9rieux la protection et la s\u00e9curit\u00e9 de nos clients. Nous mettons en \u0153uvre des mesures de s\u00e9curit\u00e9 physiques et num\u00e9riques rigoureuses pour garantir la confidentialit\u00e9 des informations.\u2028\u2028Notre \u00e9quipe est...","og_url":"https:\/\/bunkerworld.eu\/fr\/confidentialite-2\/","og_site_name":"Bunker World","og_image":[{"url":"https:\/\/bunkerworld.eu\/wp-content\/uploads\/2023\/07\/bunker_world_confidencialidad_puerta_acorazada.png"}],"twitter_card":"summary_large_image","twitter_misc":{"Dur\u00e9e de lecture estim\u00e9e":"2 minutes"},"schema":{"@context":"https:\/\/schema.org","@graph":[{"@type":"WebPage","@id":"https:\/\/bunkerworld.eu\/fr\/confidentialite-2\/","url":"https:\/\/bunkerworld.eu\/fr\/confidentialite-2\/","name":"CONFIDENTIALIT\u00c9 - Bunker World","isPartOf":{"@id":"https:\/\/bunkerworld.eu\/#website"},"primaryImageOfPage":{"@id":"https:\/\/bunkerworld.eu\/fr\/confidentialite-2\/#primaryimage"},"image":{"@id":"https:\/\/bunkerworld.eu\/fr\/confidentialite-2\/#primaryimage"},"thumbnailUrl":"https:\/\/bunkerworld.eu\/wp-content\/uploads\/2023\/07\/bunker_world_confidencialidad_puerta_acorazada.png","datePublished":"2024-08-20T10:47:46+00:00","dateModified":"2024-08-20T10:47:46+00:00","breadcrumb":{"@id":"https:\/\/bunkerworld.eu\/fr\/confidentialite-2\/#breadcrumb"},"inLanguage":"fr-FR","potentialAction":[{"@type":"ReadAction","target":["https:\/\/bunkerworld.eu\/fr\/confidentialite-2\/"]}]},{"@type":"ImageObject","inLanguage":"fr-FR","@id":"https:\/\/bunkerworld.eu\/fr\/confidentialite-2\/#primaryimage","url":"https:\/\/bunkerworld.eu\/wp-content\/uploads\/2023\/07\/bunker_world_confidencialidad_puerta_acorazada.png","contentUrl":"https:\/\/bunkerworld.eu\/wp-content\/uploads\/2023\/07\/bunker_world_confidencialidad_puerta_acorazada.png"},{"@type":"BreadcrumbList","@id":"https:\/\/bunkerworld.eu\/fr\/confidentialite-2\/#breadcrumb","itemListElement":[{"@type":"ListItem","position":1,"name":"Portada","item":"https:\/\/bunkerworld.eu\/"},{"@type":"ListItem","position":2,"name":"CONFIDENTIALIT\u00c9"}]},{"@type":"WebSite","@id":"https:\/\/bunkerworld.eu\/#website","url":"https:\/\/bunkerworld.eu\/","name":"Bunker World","description":"Seguridad y protecci\u00f3n en tu hogar","potentialAction":[{"@type":"SearchAction","target":{"@type":"EntryPoint","urlTemplate":"https:\/\/bunkerworld.eu\/?s={search_term_string}"},"query-input":{"@type":"PropertyValueSpecification","valueRequired":true,"valueName":"search_term_string"}}],"inLanguage":"fr-FR"}]}},"_links":{"self":[{"href":"https:\/\/bunkerworld.eu\/fr\/wp-json\/wp\/v2\/pages\/3089","targetHints":{"allow":["GET"]}}],"collection":[{"href":"https:\/\/bunkerworld.eu\/fr\/wp-json\/wp\/v2\/pages"}],"about":[{"href":"https:\/\/bunkerworld.eu\/fr\/wp-json\/wp\/v2\/types\/page"}],"author":[{"embeddable":true,"href":"https:\/\/bunkerworld.eu\/fr\/wp-json\/wp\/v2\/users\/2"}],"replies":[{"embeddable":true,"href":"https:\/\/bunkerworld.eu\/fr\/wp-json\/wp\/v2\/comments?post=3089"}],"version-history":[{"count":1,"href":"https:\/\/bunkerworld.eu\/fr\/wp-json\/wp\/v2\/pages\/3089\/revisions"}],"predecessor-version":[{"id":3091,"href":"https:\/\/bunkerworld.eu\/fr\/wp-json\/wp\/v2\/pages\/3089\/revisions\/3091"}],"wp:attachment":[{"href":"https:\/\/bunkerworld.eu\/fr\/wp-json\/wp\/v2\/media?parent=3089"}],"curies":[{"name":"wp","href":"https:\/\/api.w.org\/{rel}","templated":true}]}}