{"id":2796,"date":"2023-07-19T07:59:12","date_gmt":"2023-07-19T07:59:12","guid":{"rendered":"https:\/\/bunkerworld.eu\/contacto\/"},"modified":"2025-03-14T17:37:40","modified_gmt":"2025-03-14T17:37:40","slug":"contacto","status":"publish","type":"page","link":"https:\/\/bunkerworld.eu\/fr\/contacto\/","title":{"rendered":"CONTACT"},"content":{"rendered":"\t\t<div data-elementor-type=\"wp-page\" data-elementor-id=\"2796\" class=\"elementor elementor-2796 elementor-1830\">\n\t\t\t\t\t\t<section class=\"elementor-section elementor-top-section elementor-element elementor-element-63e5846 elementor-section-full_width qode_elementor_container_inner elementor-section-height-default elementor-section-height-default parallax_section_no\" data-id=\"63e5846\" data-element_type=\"section\" data-e-type=\"section\">\n\t\t\t\t\t\t<div class=\"elementor-container elementor-column-gap-default\">\n\t\t\t\t\t<div class=\"elementor-column elementor-col-50 elementor-top-column elementor-element elementor-element-405e094\" data-id=\"405e094\" data-element_type=\"column\" data-e-type=\"column\">\n\t\t\t<div class=\"elementor-widget-wrap elementor-element-populated\">\n\t\t\t\t\t\t<div class=\"elementor-element elementor-element-c94659d elementor-widget elementor-widget-heading\" data-id=\"c94659d\" data-element_type=\"widget\" data-e-type=\"widget\" data-widget_type=\"heading.default\">\n\t\t\t\t<div class=\"elementor-widget-container\">\n\t\t\t\t\t<h2 class=\"elementor-heading-title elementor-size-default\">NOUS CONTACTER<\/h2>\t\t\t\t<\/div>\n\t\t\t\t<\/div>\n\t\t\t\t<div class=\"elementor-element elementor-element-fda016e elementor-widget elementor-widget-heading\" data-id=\"fda016e\" data-element_type=\"widget\" data-e-type=\"widget\" data-widget_type=\"heading.default\">\n\t\t\t\t<div class=\"elementor-widget-container\">\n\t\t\t\t\t<h2 class=\"elementor-heading-title elementor-size-default\">NOUS CONTACTER<\/h2>\t\t\t\t<\/div>\n\t\t\t\t<\/div>\n\t\t\t\t<div class=\"elementor-element elementor-element-b1dfe2e elementor-widget elementor-widget-spacer\" data-id=\"b1dfe2e\" data-element_type=\"widget\" data-e-type=\"widget\" data-widget_type=\"spacer.default\">\n\t\t\t\t<div class=\"elementor-widget-container\">\n\t\t\t\t\t\t\t<div class=\"elementor-spacer\">\n\t\t\t<div class=\"elementor-spacer-inner\"><\/div>\n\t\t<\/div>\n\t\t\t\t\t\t<\/div>\n\t\t\t\t<\/div>\n\t\t\t\t<div class=\"elementor-element elementor-element-02a3cc6 elementor-widget__width-auto elementor-widget elementor-widget-heading\" data-id=\"02a3cc6\" data-element_type=\"widget\" data-e-type=\"widget\" data-widget_type=\"heading.default\">\n\t\t\t\t<div class=\"elementor-widget-container\">\n\t\t\t\t\t<h2 class=\"elementor-heading-title elementor-size-default\"><a href=\"tel:34673396902\">+34 673 396 902<\/a><\/h2>\t\t\t\t<\/div>\n\t\t\t\t<\/div>\n\t\t\t\t<div class=\"elementor-element elementor-element-c4bec67 elementor-widget elementor-widget-spacer\" data-id=\"c4bec67\" data-element_type=\"widget\" data-e-type=\"widget\" data-widget_type=\"spacer.default\">\n\t\t\t\t<div class=\"elementor-widget-container\">\n\t\t\t\t\t\t\t<div class=\"elementor-spacer\">\n\t\t\t<div class=\"elementor-spacer-inner\"><\/div>\n\t\t<\/div>\n\t\t\t\t\t\t<\/div>\n\t\t\t\t<\/div>\n\t\t\t\t<div class=\"elementor-element elementor-element-89d9829 elementor-widget elementor-widget-text-editor\" data-id=\"89d9829\" data-element_type=\"widget\" data-e-type=\"widget\" data-widget_type=\"text-editor.default\">\n\t\t\t\t<div class=\"elementor-widget-container\">\n\t\t\t\t\t\t\t\t\tP\u00ba Independencia 8 duplicata, 2e \u00e9tage\n<br>\n50004 Zaragoza (Spain)\n<br>\n<strong><a style=\"color: #000;\" href=\"mailto:info@bunkerworld.eu\">\ninfo@bunkerworld.eu<\/a><\/strong>\t\t\t\t\t\t\t\t<\/div>\n\t\t\t\t<\/div>\n\t\t\t\t<div class=\"elementor-element elementor-element-acda819 elementor-widget elementor-widget-image\" data-id=\"acda819\" data-element_type=\"widget\" data-e-type=\"widget\" data-widget_type=\"image.default\">\n\t\t\t\t<div class=\"elementor-widget-container\">\n\t\t\t\t\t\t\t\t\t\t\t\t\t\t\t<img decoding=\"async\" src=\"https:\/\/bunkerworld.eu\/wp-content\/uploads\/2023\/07\/bunker_world_safety1.svg\" class=\"attachment-full size-full wp-image-2799\" alt=\"\" \/>\t\t\t\t\t\t\t\t\t\t\t\t\t\t\t<\/div>\n\t\t\t\t<\/div>\n\t\t\t\t\t<\/div>\n\t\t<\/div>\n\t\t\t\t<div class=\"elementor-column elementor-col-50 elementor-top-column elementor-element elementor-element-1a8004a\" data-id=\"1a8004a\" data-element_type=\"column\" data-e-type=\"column\">\n\t\t\t<div class=\"elementor-widget-wrap elementor-element-populated\">\n\t\t\t\t\t\t<div class=\"elementor-element elementor-element-1fb0673 elementor-widget elementor-widget-bridge_cf_7\" data-id=\"1fb0673\" data-element_type=\"widget\" data-e-type=\"widget\" data-widget_type=\"bridge_cf_7.default\">\n\t\t\t\t<div class=\"elementor-widget-container\">\n\t\t\t\t\t    <div class=\"qode-contact-form-7 qode-contact-form-7-0\">\n    \n<div class=\"wpcf7 no-js\" id=\"wpcf7-f2915-o1\" lang=\"en-US\" dir=\"ltr\" data-wpcf7-id=\"2915\">\n<div class=\"screen-reader-response\"><p role=\"status\" aria-live=\"polite\" aria-atomic=\"true\"><\/p> <ul><\/ul><\/div>\n<form action=\"\/fr\/wp-json\/wp\/v2\/pages\/2796#wpcf7-f2915-o1\" method=\"post\" class=\"wpcf7-form init cf7_custom_style_2\" aria-label=\"Contact form\" novalidate=\"novalidate\" data-status=\"init\">\n<fieldset class=\"hidden-fields-container\"><input type=\"hidden\" name=\"_wpcf7\" value=\"2915\" \/><input type=\"hidden\" name=\"_wpcf7_version\" value=\"6.1.5\" \/><input type=\"hidden\" name=\"_wpcf7_locale\" value=\"en_US\" \/><input type=\"hidden\" name=\"_wpcf7_unit_tag\" value=\"wpcf7-f2915-o1\" \/><input type=\"hidden\" name=\"_wpcf7_container_post\" value=\"0\" \/><input type=\"hidden\" name=\"_wpcf7_posted_data_hash\" value=\"\" \/><input type=\"hidden\" name=\"_wpcf7_recaptcha_response\" value=\"\" \/>\n<\/fieldset>\n<div> <span class=\"wpcf7-form-control-wrap\" data-name=\"your-name\"><input size=\"40\" maxlength=\"400\" class=\"wpcf7-form-control wpcf7-text wpcf7-validates-as-required\" aria-required=\"true\" aria-invalid=\"false\" placeholder=\"Nom*\" value=\"\" type=\"text\" name=\"your-name\" \/><\/span> <\/div>\n\n<div> <span class=\"wpcf7-form-control-wrap\" data-name=\"your-email\"><input size=\"40\" maxlength=\"400\" class=\"wpcf7-form-control wpcf7-email wpcf7-validates-as-required wpcf7-text wpcf7-validates-as-email\" aria-required=\"true\" aria-invalid=\"false\" placeholder=\"E-mail*\" value=\"\" type=\"email\" name=\"your-email\" \/><\/span> <\/div>\n\n<div> <span class=\"wpcf7-form-control-wrap\" data-name=\"your-tel\"><input size=\"40\" maxlength=\"400\" class=\"wpcf7-form-control wpcf7-tel wpcf7-validates-as-required wpcf7-text wpcf7-validates-as-tel\" aria-required=\"true\" aria-invalid=\"false\" placeholder=\"T\u00e9l\u00e9phone*\" value=\"\" type=\"tel\" name=\"your-tel\" \/><\/span> <\/div>\n\n<div> <span class=\"wpcf7-form-control-wrap\" data-name=\"your-pais\"><input size=\"40\" maxlength=\"400\" class=\"wpcf7-form-control wpcf7-text wpcf7-validates-as-required\" aria-required=\"true\" aria-invalid=\"false\" placeholder=\"Pays\" value=\"\" type=\"text\" name=\"your-pais\" \/><\/span> <\/div>\n\n<div> <span class=\"wpcf7-form-control-wrap\" data-name=\"your-provincia\"><input size=\"40\" maxlength=\"400\" class=\"wpcf7-form-control wpcf7-text wpcf7-validates-as-required\" aria-required=\"true\" aria-invalid=\"false\" placeholder=\"Ville\" value=\"\" type=\"text\" name=\"your-provincia\" \/><\/span> <\/div>\n\n<div> <span class=\"wpcf7-form-control-wrap\" data-name=\"your-cp\"><input size=\"40\" maxlength=\"400\" class=\"wpcf7-form-control wpcf7-text wpcf7-validates-as-required\" aria-required=\"true\" aria-invalid=\"false\" placeholder=\"Code postal\" value=\"\" type=\"text\" name=\"your-cp\" \/><\/span> <\/div>\n\n<div> <span style=\"color:#000;\">Type: <\/span><span class=\"wpcf7-form-control-wrap\" data-name=\"menu-292\"><select class=\"wpcf7-form-control wpcf7-select\" aria-invalid=\"false\" name=\"menu-292\"><option value=\"Bunker souterrain\">Bunker souterrain<\/option><option value=\"Personnalis\u00e9 dans les maisons\">Personnalis\u00e9 dans les maisons<\/option><\/select><\/span> <\/div>\n\n<div><span class=\"wpcf7-form-control-wrap\" data-name=\"your-message\"><textarea cols=\"40\" rows=\"10\" maxlength=\"2000\" class=\"wpcf7-form-control wpcf7-textarea\" aria-invalid=\"false\" placeholder=\"Message*\" name=\"your-message\"><\/textarea><\/span> <\/div>\n\n<div style=\"margin-bottom:20px;\"><span class=\"wpcf7-form-control-wrap\" data-name=\"acceptance-216\"><span class=\"wpcf7-form-control wpcf7-acceptance\"><span class=\"wpcf7-list-item\"><input type=\"checkbox\" name=\"acceptance-216\" value=\"1\" aria-invalid=\"false\" \/><\/span><\/span><\/span> <span style=\"color:#000;\">J'ai lu et j'accepte la <\/span><a href=\"#\"  style=\"color:#f2bf01;\">politique de confidentialit\u00e9<\/a> <\/div>\n\n<input class=\"wpcf7-form-control wpcf7-submit has-spinner\" type=\"submit\" value=\"Envoyer un message\" \/><div class=\"wpcf7-response-output\" aria-hidden=\"true\"><\/div>\n<\/form>\n<\/div>\n    <\/div>\n\t\t\t\t<\/div>\n\t\t\t\t<\/div>\n\t\t\t\t\t<\/div>\n\t\t<\/div>\n\t\t\t\t\t<\/div>\n\t\t<\/section>\n\t\t\t\t<section class=\"elementor-section elementor-top-section elementor-element elementor-element-d8db3e3 elementor-section-boxed elementor-section-height-default elementor-section-height-default parallax_section_no qode_elementor_container_no\" data-id=\"d8db3e3\" data-element_type=\"section\" data-e-type=\"section\">\n\t\t\t\t\t\t<div class=\"elementor-container elementor-column-gap-default\">\n\t\t\t\t\t<div class=\"elementor-column elementor-col-100 elementor-top-column elementor-element elementor-element-9b363df\" data-id=\"9b363df\" data-element_type=\"column\" data-e-type=\"column\">\n\t\t\t<div class=\"elementor-widget-wrap elementor-element-populated\">\n\t\t\t\t\t\t<div class=\"elementor-element elementor-element-6af193a elementor-widget elementor-widget-spacer\" data-id=\"6af193a\" data-element_type=\"widget\" data-e-type=\"widget\" data-widget_type=\"spacer.default\">\n\t\t\t\t<div class=\"elementor-widget-container\">\n\t\t\t\t\t\t\t<div class=\"elementor-spacer\">\n\t\t\t<div class=\"elementor-spacer-inner\"><\/div>\n\t\t<\/div>\n\t\t\t\t\t\t<\/div>\n\t\t\t\t<\/div>\n\t\t\t\t\t<\/div>\n\t\t<\/div>\n\t\t\t\t\t<\/div>\n\t\t<\/section>\n\t\t\t\t<\/div>\n\t\t","protected":false},"excerpt":{"rendered":"<p>NOUS CONTACTER NOUS CONTACTER +34 673 396 902 P\u00ba Independencia 8 duplicata, 2e \u00e9tage 50004 Zaragoza (Spain) info@bunkerworld.eu Type: Bunker souterrainPersonnalis\u00e9 dans les maisons J&rsquo;ai lu et j&rsquo;accepte la politique de confidentialit\u00e9<\/p>\n","protected":false},"author":2,"featured_media":0,"parent":0,"menu_order":0,"comment_status":"closed","ping_status":"closed","template":"full_width.php","meta":{"footnotes":""},"class_list":["post-2796","page","type-page","status-publish","hentry"],"yoast_head":"<!-- This site is optimized with the Yoast SEO plugin v23.5 - https:\/\/yoast.com\/wordpress\/plugins\/seo\/ -->\n<title>CONTACT - Bunker World<\/title>\n<meta name=\"robots\" content=\"index, follow, max-snippet:-1, max-image-preview:large, max-video-preview:-1\" \/>\n<link rel=\"canonical\" href=\"https:\/\/bunkerworld.eu\/contacto\/\" \/>\n<meta property=\"og:locale\" content=\"fr_FR\" \/>\n<meta property=\"og:type\" content=\"article\" \/>\n<meta property=\"og:title\" content=\"CONTACT - Bunker World\" \/>\n<meta property=\"og:description\" content=\"NOUS CONTACTER NOUS CONTACTER +34 673 396 902 P\u00ba Independencia 8 duplicata, 2e \u00e9tage 50004 Zaragoza (Spain) info@bunkerworld.eu Type: Bunker souterrainPersonnalis\u00e9 dans les maisons J&rsquo;ai lu et j&rsquo;accepte la politique de confidentialit\u00e9\" \/>\n<meta property=\"og:url\" content=\"https:\/\/bunkerworld.eu\/contacto\/\" \/>\n<meta property=\"og:site_name\" content=\"Bunker World\" \/>\n<meta property=\"article:modified_time\" content=\"2025-03-14T17:37:40+00:00\" \/>\n<meta property=\"og:image\" content=\"https:\/\/bunkerworld.eu\/wp-content\/uploads\/2023\/07\/bunker_world_safety1.svg\" \/>\n<meta name=\"twitter:card\" content=\"summary_large_image\" \/>\n<meta name=\"twitter:label1\" content=\"Dur\u00e9e de lecture estim\u00e9e\" \/>\n\t<meta name=\"twitter:data1\" content=\"1 minute\" \/>\n<script type=\"application\/ld+json\" class=\"yoast-schema-graph\">{\"@context\":\"https:\/\/schema.org\",\"@graph\":[{\"@type\":\"WebPage\",\"@id\":\"https:\/\/bunkerworld.eu\/contacto\/\",\"url\":\"https:\/\/bunkerworld.eu\/contacto\/\",\"name\":\"CONTACT - Bunker World\",\"isPartOf\":{\"@id\":\"https:\/\/bunkerworld.eu\/#website\"},\"primaryImageOfPage\":{\"@id\":\"https:\/\/bunkerworld.eu\/contacto\/#primaryimage\"},\"image\":{\"@id\":\"https:\/\/bunkerworld.eu\/contacto\/#primaryimage\"},\"thumbnailUrl\":\"https:\/\/bunkerworld.eu\/wp-content\/uploads\/2023\/07\/bunker_world_safety1.svg\",\"datePublished\":\"2023-07-19T07:59:12+00:00\",\"dateModified\":\"2025-03-14T17:37:40+00:00\",\"breadcrumb\":{\"@id\":\"https:\/\/bunkerworld.eu\/contacto\/#breadcrumb\"},\"inLanguage\":\"fr-FR\",\"potentialAction\":[{\"@type\":\"ReadAction\",\"target\":[\"https:\/\/bunkerworld.eu\/contacto\/\"]}]},{\"@type\":\"ImageObject\",\"inLanguage\":\"fr-FR\",\"@id\":\"https:\/\/bunkerworld.eu\/contacto\/#primaryimage\",\"url\":\"https:\/\/bunkerworld.eu\/wp-content\/uploads\/2023\/07\/bunker_world_safety1.svg\",\"contentUrl\":\"https:\/\/bunkerworld.eu\/wp-content\/uploads\/2023\/07\/bunker_world_safety1.svg\"},{\"@type\":\"BreadcrumbList\",\"@id\":\"https:\/\/bunkerworld.eu\/contacto\/#breadcrumb\",\"itemListElement\":[{\"@type\":\"ListItem\",\"position\":1,\"name\":\"Portada\",\"item\":\"https:\/\/bunkerworld.eu\/\"},{\"@type\":\"ListItem\",\"position\":2,\"name\":\"CONTACT\"}]},{\"@type\":\"WebSite\",\"@id\":\"https:\/\/bunkerworld.eu\/#website\",\"url\":\"https:\/\/bunkerworld.eu\/\",\"name\":\"Bunker World\",\"description\":\"Seguridad y protecci\u00f3n en tu hogar\",\"potentialAction\":[{\"@type\":\"SearchAction\",\"target\":{\"@type\":\"EntryPoint\",\"urlTemplate\":\"https:\/\/bunkerworld.eu\/?s={search_term_string}\"},\"query-input\":{\"@type\":\"PropertyValueSpecification\",\"valueRequired\":true,\"valueName\":\"search_term_string\"}}],\"inLanguage\":\"fr-FR\"}]}<\/script>\n<!-- \/ Yoast SEO plugin. -->","yoast_head_json":{"title":"CONTACT - Bunker World","robots":{"index":"index","follow":"follow","max-snippet":"max-snippet:-1","max-image-preview":"max-image-preview:large","max-video-preview":"max-video-preview:-1"},"canonical":"https:\/\/bunkerworld.eu\/contacto\/","og_locale":"fr_FR","og_type":"article","og_title":"CONTACT - Bunker World","og_description":"NOUS CONTACTER NOUS CONTACTER +34 673 396 902 P\u00ba Independencia 8 duplicata, 2e \u00e9tage 50004 Zaragoza (Spain) info@bunkerworld.eu Type: Bunker souterrainPersonnalis\u00e9 dans les maisons J&rsquo;ai lu et j&rsquo;accepte la politique de confidentialit\u00e9","og_url":"https:\/\/bunkerworld.eu\/contacto\/","og_site_name":"Bunker World","article_modified_time":"2025-03-14T17:37:40+00:00","og_image":[{"url":"https:\/\/bunkerworld.eu\/wp-content\/uploads\/2023\/07\/bunker_world_safety1.svg"}],"twitter_card":"summary_large_image","twitter_misc":{"Dur\u00e9e de lecture estim\u00e9e":"1 minute"},"schema":{"@context":"https:\/\/schema.org","@graph":[{"@type":"WebPage","@id":"https:\/\/bunkerworld.eu\/contacto\/","url":"https:\/\/bunkerworld.eu\/contacto\/","name":"CONTACT - Bunker World","isPartOf":{"@id":"https:\/\/bunkerworld.eu\/#website"},"primaryImageOfPage":{"@id":"https:\/\/bunkerworld.eu\/contacto\/#primaryimage"},"image":{"@id":"https:\/\/bunkerworld.eu\/contacto\/#primaryimage"},"thumbnailUrl":"https:\/\/bunkerworld.eu\/wp-content\/uploads\/2023\/07\/bunker_world_safety1.svg","datePublished":"2023-07-19T07:59:12+00:00","dateModified":"2025-03-14T17:37:40+00:00","breadcrumb":{"@id":"https:\/\/bunkerworld.eu\/contacto\/#breadcrumb"},"inLanguage":"fr-FR","potentialAction":[{"@type":"ReadAction","target":["https:\/\/bunkerworld.eu\/contacto\/"]}]},{"@type":"ImageObject","inLanguage":"fr-FR","@id":"https:\/\/bunkerworld.eu\/contacto\/#primaryimage","url":"https:\/\/bunkerworld.eu\/wp-content\/uploads\/2023\/07\/bunker_world_safety1.svg","contentUrl":"https:\/\/bunkerworld.eu\/wp-content\/uploads\/2023\/07\/bunker_world_safety1.svg"},{"@type":"BreadcrumbList","@id":"https:\/\/bunkerworld.eu\/contacto\/#breadcrumb","itemListElement":[{"@type":"ListItem","position":1,"name":"Portada","item":"https:\/\/bunkerworld.eu\/"},{"@type":"ListItem","position":2,"name":"CONTACT"}]},{"@type":"WebSite","@id":"https:\/\/bunkerworld.eu\/#website","url":"https:\/\/bunkerworld.eu\/","name":"Bunker World","description":"Seguridad y protecci\u00f3n en tu hogar","potentialAction":[{"@type":"SearchAction","target":{"@type":"EntryPoint","urlTemplate":"https:\/\/bunkerworld.eu\/?s={search_term_string}"},"query-input":{"@type":"PropertyValueSpecification","valueRequired":true,"valueName":"search_term_string"}}],"inLanguage":"fr-FR"}]}},"_links":{"self":[{"href":"https:\/\/bunkerworld.eu\/fr\/wp-json\/wp\/v2\/pages\/2796","targetHints":{"allow":["GET"]}}],"collection":[{"href":"https:\/\/bunkerworld.eu\/fr\/wp-json\/wp\/v2\/pages"}],"about":[{"href":"https:\/\/bunkerworld.eu\/fr\/wp-json\/wp\/v2\/types\/page"}],"author":[{"embeddable":true,"href":"https:\/\/bunkerworld.eu\/fr\/wp-json\/wp\/v2\/users\/2"}],"replies":[{"embeddable":true,"href":"https:\/\/bunkerworld.eu\/fr\/wp-json\/wp\/v2\/comments?post=2796"}],"version-history":[{"count":11,"href":"https:\/\/bunkerworld.eu\/fr\/wp-json\/wp\/v2\/pages\/2796\/revisions"}],"predecessor-version":[{"id":4984,"href":"https:\/\/bunkerworld.eu\/fr\/wp-json\/wp\/v2\/pages\/2796\/revisions\/4984"}],"wp:attachment":[{"href":"https:\/\/bunkerworld.eu\/fr\/wp-json\/wp\/v2\/media?parent=2796"}],"curies":[{"name":"wp","href":"https:\/\/api.w.org\/{rel}","templated":true}]}}