{"id":3570,"date":"2024-11-26T14:41:56","date_gmt":"2024-11-26T14:41:56","guid":{"rendered":"https:\/\/bunkerworld.eu\/?page_id=3570"},"modified":"2024-11-29T08:40:22","modified_gmt":"2024-11-29T08:40:22","slug":"iso-40-t-model","status":"publish","type":"page","link":"https:\/\/bunkerworld.eu\/en\/iso-40-t-model\/","title":{"rendered":"ISO-40 T Model"},"content":{"rendered":"\t\t<div data-elementor-type=\"wp-page\" data-elementor-id=\"3570\" class=\"elementor elementor-3570 elementor-3569\">\n\t\t\t\t\t\t<section class=\"elementor-section elementor-top-section elementor-element elementor-element-2dcde9ea elementor-section-full_width qode_elementor_container_inner elementor-section-height-default elementor-section-height-default parallax_section_no\" data-id=\"2dcde9ea\" data-element_type=\"section\" data-e-type=\"section\">\n\t\t\t\t\t\t<div class=\"elementor-container elementor-column-gap-default\">\n\t\t\t\t\t<div class=\"elementor-column elementor-col-50 elementor-top-column elementor-element elementor-element-580fd0fd\" data-id=\"580fd0fd\" data-element_type=\"column\" data-e-type=\"column\">\n\t\t\t<div class=\"elementor-widget-wrap elementor-element-populated\">\n\t\t\t\t\t\t<div class=\"elementor-element elementor-element-23710fd3 elementor-widget elementor-widget-heading\" data-id=\"23710fd3\" data-element_type=\"widget\" data-e-type=\"widget\" data-widget_type=\"heading.default\">\n\t\t\t\t<div class=\"elementor-widget-container\">\n\t\t\t\t\t<h2 class=\"elementor-heading-title elementor-size-default\">customize<\/h2>\t\t\t\t<\/div>\n\t\t\t\t<\/div>\n\t\t\t\t<div class=\"elementor-element elementor-element-450dacaf elementor-widget elementor-widget-heading\" data-id=\"450dacaf\" data-element_type=\"widget\" data-e-type=\"widget\" data-widget_type=\"heading.default\">\n\t\t\t\t<div class=\"elementor-widget-container\">\n\t\t\t\t\t<h2 class=\"elementor-heading-title elementor-size-default\">your BUNKER<\/h2>\t\t\t\t<\/div>\n\t\t\t\t<\/div>\n\t\t\t\t<div class=\"elementor-element elementor-element-e891d26 elementor-widget__width-auto elementor-widget elementor-widget-heading\" data-id=\"e891d26\" data-element_type=\"widget\" data-e-type=\"widget\" data-widget_type=\"heading.default\">\n\t\t\t\t<div class=\"elementor-widget-container\">\n\t\t\t\t\t<h5 class=\"elementor-heading-title elementor-size-default\">&gt;Top-level security experts | ISO-40 T Model<\/h5>\t\t\t\t<\/div>\n\t\t\t\t<\/div>\n\t\t\t\t<div class=\"elementor-element elementor-element-946320e elementor-widget elementor-widget-spacer\" data-id=\"946320e\" data-element_type=\"widget\" data-e-type=\"widget\" data-widget_type=\"spacer.default\">\n\t\t\t\t<div class=\"elementor-widget-container\">\n\t\t\t\t\t\t\t<div class=\"elementor-spacer\">\n\t\t\t<div class=\"elementor-spacer-inner\"><\/div>\n\t\t<\/div>\n\t\t\t\t\t\t<\/div>\n\t\t\t\t<\/div>\n\t\t\t\t\t<\/div>\n\t\t<\/div>\n\t\t\t\t<div class=\"elementor-column elementor-col-50 elementor-top-column elementor-element elementor-element-3e992631\" data-id=\"3e992631\" data-element_type=\"column\" data-e-type=\"column\">\n\t\t\t<div class=\"elementor-widget-wrap elementor-element-populated\">\n\t\t\t\t\t\t<div class=\"elementor-element elementor-element-1604e422 elementor-widget elementor-widget-text-editor\" data-id=\"1604e422\" data-element_type=\"widget\" data-e-type=\"widget\" data-widget_type=\"text-editor.default\">\n\t\t\t\t<div class=\"elementor-widget-container\">\n\t\t\t\t\t\t\t\t\t<p><img decoding=\"async\" class=\"wp-image-1032 alignright\" src=\"https:\/\/bunkerworld.eu\/wp-content\/uploads\/2023\/07\/Bunker-world-logo-300x192.png\" alt=\"\" width=\"112\" height=\"71\" srcset=\"https:\/\/bunkerworld.eu\/wp-content\/uploads\/2023\/07\/Bunker-world-logo-300x192.png 300w, https:\/\/bunkerworld.eu\/wp-content\/uploads\/2023\/07\/Bunker-world-logo.png 454w\" sizes=\"(max-width: 112px) 100vw, 112px\" \/><\/p>\t\t\t\t\t\t\t\t<\/div>\n\t\t\t\t<\/div>\n\t\t\t\t<div class=\"elementor-element elementor-element-14d20d69 elementor-align-right elementor-widget elementor-widget-button\" data-id=\"14d20d69\" data-element_type=\"widget\" data-e-type=\"widget\" data-widget_type=\"button.default\">\n\t\t\t\t<div class=\"elementor-widget-container\">\n\t\t\t\t\t\t\t\t\t<div class=\"elementor-button-wrapper\">\n\t\t\t\t\t<a class=\"elementor-button elementor-button-link elementor-size-sm\" href=\"https:\/\/bunkerworld.eu\/wp-content\/uploads\/2024\/11\/ISO-40-TIPO-T-VISTAS-TECNICAS.pdf\" target=\"_blank\">\n\t\t\t\t\t\t<span class=\"elementor-button-content-wrapper\">\n\t\t\t\t\t\t\t\t\t<span class=\"elementor-button-text\">Download technical sheet<\/span>\n\t\t\t\t\t<\/span>\n\t\t\t\t\t<\/a>\n\t\t\t\t<\/div>\n\t\t\t\t\t\t\t\t<\/div>\n\t\t\t\t<\/div>\n\t\t\t\t\t<\/div>\n\t\t<\/div>\n\t\t\t\t\t<\/div>\n\t\t<\/section>\n\t\t\t\t<section class=\"elementor-section elementor-top-section elementor-element elementor-element-6fee30f5 elementor-section-full_width elementor-section-height-default elementor-section-height-default parallax_section_no qode_elementor_container_no\" data-id=\"6fee30f5\" data-element_type=\"section\" data-e-type=\"section\">\n\t\t\t\t\t\t<div class=\"elementor-container elementor-column-gap-default\">\n\t\t\t\t\t<div class=\"elementor-column elementor-col-100 elementor-top-column elementor-element elementor-element-7e9b016f\" data-id=\"7e9b016f\" data-element_type=\"column\" data-e-type=\"column\">\n\t\t\t<div class=\"elementor-widget-wrap elementor-element-populated\">\n\t\t\t\t\t\t<div class=\"elementor-element elementor-element-1d53be7d elementor-widget elementor-widget-image-gallery\" data-id=\"1d53be7d\" data-element_type=\"widget\" data-e-type=\"widget\" data-widget_type=\"image-gallery.default\">\n\t\t\t\t<div class=\"elementor-widget-container\">\n\t\t\t\t\t\t\t<div class=\"elementor-image-gallery\">\n\t\t\t\n\t\t<style type=\"text\/css\">\n\t\t\t#gallery-1 {\n\t\t\t\tmargin: auto;\n\t\t\t}\n\t\t\t#gallery-1 .gallery-item {\n\t\t\t\tfloat: left;\n\t\t\t\tmargin-top: 10px;\n\t\t\t\ttext-align: center;\n\t\t\t\twidth: 33%;\n\t\t\t}\n\t\t\t#gallery-1 img {\n\t\t\t\tborder: 2px solid #cfcfcf;\n\t\t\t}\n\t\t\t#gallery-1 .gallery-caption {\n\t\t\t\tmargin-left: 0;\n\t\t\t}\n\t\t\t\/* see gallery_shortcode() in wp-includes\/media.php *\/\n\t\t<\/style>\n\t\t<div id='gallery-1' class='gallery galleryid-3570 gallery-columns-3 gallery-size-large'><dl class='gallery-item'>\n\t\t\t<dt class='gallery-icon landscape'>\n\t\t\t\t<a data-elementor-open-lightbox=\"yes\" data-elementor-lightbox-slideshow=\"1d53be7d\" data-elementor-lightbox-title=\"Pruebas bunker (1)\" data-e-action-hash=\"#elementor-action%3Aaction%3Dlightbox%26settings%3DeyJpZCI6MzM4MywidXJsIjoiaHR0cHM6XC9cL2J1bmtlcndvcmxkLmV1XC93cC1jb250ZW50XC91cGxvYWRzXC8yMDI0XC8xMVwvUHJ1ZWJhcy1idW5rZXItMS5wbmciLCJzbGlkZXNob3ciOiIxZDUzYmU3ZCJ9\" href='https:\/\/bunkerworld.eu\/wp-content\/uploads\/2024\/11\/Pruebas-bunker-1.png'><img fetchpriority=\"high\" decoding=\"async\" width=\"1024\" height=\"745\" src=\"https:\/\/bunkerworld.eu\/wp-content\/uploads\/2024\/11\/Pruebas-bunker-1-1024x745.png\" class=\"attachment-large size-large\" alt=\"\" srcset=\"https:\/\/bunkerworld.eu\/wp-content\/uploads\/2024\/11\/Pruebas-bunker-1-1024x745.png 1024w, https:\/\/bunkerworld.eu\/wp-content\/uploads\/2024\/11\/Pruebas-bunker-1-300x218.png 300w, https:\/\/bunkerworld.eu\/wp-content\/uploads\/2024\/11\/Pruebas-bunker-1-768x559.png 768w, https:\/\/bunkerworld.eu\/wp-content\/uploads\/2024\/11\/Pruebas-bunker-1-700x509.png 700w, https:\/\/bunkerworld.eu\/wp-content\/uploads\/2024\/11\/Pruebas-bunker-1.png 1100w\" sizes=\"(max-width: 1024px) 100vw, 1024px\" \/><\/a>\n\t\t\t<\/dt><\/dl><dl class='gallery-item'>\n\t\t\t<dt class='gallery-icon landscape'>\n\t\t\t\t<a data-elementor-open-lightbox=\"yes\" data-elementor-lightbox-slideshow=\"1d53be7d\" data-elementor-lightbox-title=\"Dise\u00f1o sin t\u00edtulo - 2024-11-29T093350.434 (1)\" data-e-action-hash=\"#elementor-action%3Aaction%3Dlightbox%26settings%3DeyJpZCI6NDUyNSwidXJsIjoiaHR0cHM6XC9cL2J1bmtlcndvcmxkLmV1XC93cC1jb250ZW50XC91cGxvYWRzXC8yMDI0XC8xMVwvRGlzZW5vLXNpbi10aXR1bG8tMjAyNC0xMS0yOVQwOTMzNTAuNDM0LTEucG5nIiwic2xpZGVzaG93IjoiMWQ1M2JlN2QifQ%3D%3D\" href='https:\/\/bunkerworld.eu\/wp-content\/uploads\/2024\/11\/Diseno-sin-titulo-2024-11-29T093350.434-1.png'><img decoding=\"async\" width=\"1024\" height=\"745\" src=\"https:\/\/bunkerworld.eu\/wp-content\/uploads\/2024\/11\/Diseno-sin-titulo-2024-11-29T093350.434-1-1024x745.png\" class=\"attachment-large size-large\" alt=\"\" srcset=\"https:\/\/bunkerworld.eu\/wp-content\/uploads\/2024\/11\/Diseno-sin-titulo-2024-11-29T093350.434-1-1024x745.png 1024w, https:\/\/bunkerworld.eu\/wp-content\/uploads\/2024\/11\/Diseno-sin-titulo-2024-11-29T093350.434-1-300x218.png 300w, https:\/\/bunkerworld.eu\/wp-content\/uploads\/2024\/11\/Diseno-sin-titulo-2024-11-29T093350.434-1-768x559.png 768w, https:\/\/bunkerworld.eu\/wp-content\/uploads\/2024\/11\/Diseno-sin-titulo-2024-11-29T093350.434-1-700x509.png 700w, https:\/\/bunkerworld.eu\/wp-content\/uploads\/2024\/11\/Diseno-sin-titulo-2024-11-29T093350.434-1.png 1100w\" sizes=\"(max-width: 1024px) 100vw, 1024px\" \/><\/a>\n\t\t\t<\/dt><\/dl><dl class='gallery-item'>\n\t\t\t<dt class='gallery-icon landscape'>\n\t\t\t\t<a data-elementor-open-lightbox=\"yes\" data-elementor-lightbox-slideshow=\"1d53be7d\" data-elementor-lightbox-title=\"Pruebas bunker (2) (1)\" data-e-action-hash=\"#elementor-action%3Aaction%3Dlightbox%26settings%3DeyJpZCI6MzM5MiwidXJsIjoiaHR0cHM6XC9cL2J1bmtlcndvcmxkLmV1XC93cC1jb250ZW50XC91cGxvYWRzXC8yMDI0XC8xMVwvUHJ1ZWJhcy1idW5rZXItMi0xLnBuZyIsInNsaWRlc2hvdyI6IjFkNTNiZTdkIn0%3D\" href='https:\/\/bunkerworld.eu\/wp-content\/uploads\/2024\/11\/Pruebas-bunker-2-1.png'><img loading=\"lazy\" decoding=\"async\" width=\"1024\" height=\"745\" src=\"https:\/\/bunkerworld.eu\/wp-content\/uploads\/2024\/11\/Pruebas-bunker-2-1-1024x745.png\" class=\"attachment-large size-large\" alt=\"\" srcset=\"https:\/\/bunkerworld.eu\/wp-content\/uploads\/2024\/11\/Pruebas-bunker-2-1-1024x745.png 1024w, https:\/\/bunkerworld.eu\/wp-content\/uploads\/2024\/11\/Pruebas-bunker-2-1-300x218.png 300w, https:\/\/bunkerworld.eu\/wp-content\/uploads\/2024\/11\/Pruebas-bunker-2-1-768x559.png 768w, https:\/\/bunkerworld.eu\/wp-content\/uploads\/2024\/11\/Pruebas-bunker-2-1-700x509.png 700w, https:\/\/bunkerworld.eu\/wp-content\/uploads\/2024\/11\/Pruebas-bunker-2-1.png 1100w\" sizes=\"(max-width: 1024px) 100vw, 1024px\" \/><\/a>\n\t\t\t<\/dt><\/dl><br style=\"clear: both\" \/>\n\t\t<\/div>\n\t\t<\/div>\n\t\t\t\t\t\t<\/div>\n\t\t\t\t<\/div>\n\t\t\t\t\t<\/div>\n\t\t<\/div>\n\t\t\t\t\t<\/div>\n\t\t<\/section>\n\t\t\t\t<section class=\"elementor-section elementor-top-section elementor-element elementor-element-35df761 elementor-section-boxed elementor-section-height-default elementor-section-height-default parallax_section_no qode_elementor_container_no\" data-id=\"35df761\" data-element_type=\"section\" data-e-type=\"section\" data-settings=\"{&quot;background_background&quot;:&quot;classic&quot;}\">\n\t\t\t\t\t\t<div class=\"elementor-container elementor-column-gap-default\">\n\t\t\t\t\t<div class=\"elementor-column elementor-col-100 elementor-top-column elementor-element elementor-element-f36ddb8\" data-id=\"f36ddb8\" data-element_type=\"column\" data-e-type=\"column\">\n\t\t\t<div class=\"elementor-widget-wrap elementor-element-populated\">\n\t\t\t\t\t\t<div class=\"elementor-element elementor-element-ee9f2a5 elementor-widget elementor-widget-heading\" data-id=\"ee9f2a5\" data-element_type=\"widget\" data-e-type=\"widget\" data-settings=\"{&quot;_animation&quot;:&quot;none&quot;}\" data-widget_type=\"heading.default\">\n\t\t\t\t<div class=\"elementor-widget-container\">\n\t\t\t\t\t<h3 class=\"elementor-heading-title elementor-size-small\">Tell us what you\u00b4re looking for and we\u00b4ll start  <strong>the project<\/strong>!<\/h3>\t\t\t\t<\/div>\n\t\t\t\t<\/div>\n\t\t\t\t<div class=\"elementor-element elementor-element-5e34888 elementor-widget elementor-widget-image\" data-id=\"5e34888\" data-element_type=\"widget\" data-e-type=\"widget\" data-widget_type=\"image.default\">\n\t\t\t\t<div class=\"elementor-widget-container\">\n\t\t\t\t\t\t\t\t\t\t\t\t\t\t\t<img decoding=\"async\" src=\"https:\/\/bunkerworld.eu\/wp-content\/uploads\/2023\/07\/bunker_world_protecti_on_.svg\" class=\"attachment-full size-full wp-image-2609\" alt=\"\" \/>\t\t\t\t\t\t\t\t\t\t\t\t\t\t\t<\/div>\n\t\t\t\t<\/div>\n\t\t\t\t\t<\/div>\n\t\t<\/div>\n\t\t\t\t\t<\/div>\n\t\t<\/section>\n\t\t\t\t<section class=\"elementor-section elementor-top-section elementor-element elementor-element-22e63089 elementor-section-full_width elementor-section-height-default elementor-section-height-default parallax_section_no qode_elementor_container_no\" data-id=\"22e63089\" data-element_type=\"section\" data-e-type=\"section\">\n\t\t\t\t\t\t<div class=\"elementor-container elementor-column-gap-default\">\n\t\t\t\t\t<div class=\"elementor-column elementor-col-100 elementor-top-column elementor-element elementor-element-18868f01\" data-id=\"18868f01\" data-element_type=\"column\" data-e-type=\"column\">\n\t\t\t<div class=\"elementor-widget-wrap elementor-element-populated\">\n\t\t\t\t\t\t<div class=\"elementor-element elementor-element-4d204bc6 elementor-widget elementor-widget-bridge_action\" data-id=\"4d204bc6\" data-element_type=\"widget\" data-e-type=\"widget\" data-widget_type=\"bridge_action.default\">\n\t\t\t\t<div class=\"elementor-widget-container\">\n\t\t\t\t\t<div class=\"call_to_action normal\" style=\"padding-top: 61px;padding-bottom: 61px;\"><div class=\"container_inner\"><div class=\"two_columns_75_25 clearfix\"><div class=\"text_wrapper column1\"><div class=\"call_to_action_text  font_size_inherit font_weight_inherit letter_spacing_inherit\" style=\"font-size:22px;font-weight: 700;letter-spacing: 1px;\"><h4>SAFETY IS KNOWING THAT YOU AND YOUR LOVED ONES ARE SAFE.<\/h4><\/div><\/div><div class=\"button_wrapper column2\"><a itemprop=\"url\" href=\"https:\/\/bunkerworld.eu\/en\/contacto\/\" class=\"qbutton white \" target=\"\" style=\"color: #000000;border-color: #FFFFFF;background-color: #FFFFFF;\" data-hover-background-color=#000000 data-hover-color=#FFFFFF>SHALL WE BEGIN?<\/a><\/div><\/div><\/div><\/div>\t\t\t\t<\/div>\n\t\t\t\t<\/div>\n\t\t\t\t\t<\/div>\n\t\t<\/div>\n\t\t\t\t\t<\/div>\n\t\t<\/section>\n\t\t\t\t<\/div>\n\t\t","protected":false},"excerpt":{"rendered":"<p>customize your BUNKER &gt;Top-level security experts | ISO-40 T Model Download technical sheet Tell us what you\u00b4re looking for and we\u00b4ll start the project! SAFETY IS KNOWING THAT YOU AND YOUR LOVED ONES ARE SAFE. SHALL WE BEGIN?<\/p>\n","protected":false},"author":2,"featured_media":0,"parent":0,"menu_order":0,"comment_status":"closed","ping_status":"closed","template":"","meta":{"footnotes":""},"class_list":["post-3570","page","type-page","status-publish","hentry"],"yoast_head":"<!-- This site is optimized with the Yoast SEO plugin v23.5 - https:\/\/yoast.com\/wordpress\/plugins\/seo\/ -->\n<title>Personalizaci\u00f3n de vivienda en habitaci\u00f3n del p\u00e1nico - Bunker World<\/title>\n<meta name=\"description\" content=\"Podemos ocuparnos de la personalizaci\u00f3n de vivienda en habitaci\u00f3n del p\u00e1nico. Convertimos tu hogar en un b\u00fanker de seguridad.\" \/>\n<meta name=\"robots\" content=\"index, follow, max-snippet:-1, max-image-preview:large, max-video-preview:-1\" \/>\n<link rel=\"canonical\" href=\"https:\/\/bunkerworld.eu\/modelo-iso-40-t\/\" \/>\n<meta property=\"og:locale\" content=\"en_US\" \/>\n<meta property=\"og:type\" content=\"article\" \/>\n<meta property=\"og:title\" content=\"Personalizaci\u00f3n de vivienda en habitaci\u00f3n del p\u00e1nico - Bunker World\" \/>\n<meta property=\"og:description\" content=\"Podemos ocuparnos de la personalizaci\u00f3n de vivienda en habitaci\u00f3n del p\u00e1nico. Convertimos tu hogar en un b\u00fanker de seguridad.\" \/>\n<meta property=\"og:url\" content=\"https:\/\/bunkerworld.eu\/modelo-iso-40-t\/\" \/>\n<meta property=\"og:site_name\" content=\"Bunker World\" \/>\n<meta property=\"article:modified_time\" content=\"2024-11-29T08:40:22+00:00\" \/>\n<meta property=\"og:image\" content=\"https:\/\/bunkerworld.eu\/wp-content\/uploads\/2023\/07\/Bunker-world-logo-300x192.png\" \/>\n<meta name=\"twitter:card\" content=\"summary_large_image\" \/>\n<meta name=\"twitter:label1\" content=\"Est. reading time\" \/>\n\t<meta name=\"twitter:data1\" content=\"2 minutes\" \/>\n<script type=\"application\/ld+json\" class=\"yoast-schema-graph\">{\"@context\":\"https:\/\/schema.org\",\"@graph\":[{\"@type\":\"WebPage\",\"@id\":\"https:\/\/bunkerworld.eu\/modelo-iso-40-t\/\",\"url\":\"https:\/\/bunkerworld.eu\/modelo-iso-40-t\/\",\"name\":\"Personalizaci\u00f3n de vivienda en habitaci\u00f3n del p\u00e1nico - Bunker World\",\"isPartOf\":{\"@id\":\"https:\/\/bunkerworld.eu\/#website\"},\"primaryImageOfPage\":{\"@id\":\"https:\/\/bunkerworld.eu\/modelo-iso-40-t\/#primaryimage\"},\"image\":{\"@id\":\"https:\/\/bunkerworld.eu\/modelo-iso-40-t\/#primaryimage\"},\"thumbnailUrl\":\"https:\/\/bunkerworld.eu\/wp-content\/uploads\/2023\/07\/Bunker-world-logo-300x192.png\",\"datePublished\":\"2024-11-26T14:41:56+00:00\",\"dateModified\":\"2024-11-29T08:40:22+00:00\",\"description\":\"Podemos ocuparnos de la personalizaci\u00f3n de vivienda en habitaci\u00f3n del p\u00e1nico. Convertimos tu hogar en un b\u00fanker de seguridad.\",\"breadcrumb\":{\"@id\":\"https:\/\/bunkerworld.eu\/modelo-iso-40-t\/#breadcrumb\"},\"inLanguage\":\"en-US\",\"potentialAction\":[{\"@type\":\"ReadAction\",\"target\":[\"https:\/\/bunkerworld.eu\/modelo-iso-40-t\/\"]}]},{\"@type\":\"ImageObject\",\"inLanguage\":\"en-US\",\"@id\":\"https:\/\/bunkerworld.eu\/modelo-iso-40-t\/#primaryimage\",\"url\":\"https:\/\/bunkerworld.eu\/wp-content\/uploads\/2023\/07\/Bunker-world-logo-300x192.png\",\"contentUrl\":\"https:\/\/bunkerworld.eu\/wp-content\/uploads\/2023\/07\/Bunker-world-logo-300x192.png\"},{\"@type\":\"BreadcrumbList\",\"@id\":\"https:\/\/bunkerworld.eu\/modelo-iso-40-t\/#breadcrumb\",\"itemListElement\":[{\"@type\":\"ListItem\",\"position\":1,\"name\":\"Portada\",\"item\":\"https:\/\/bunkerworld.eu\/\"},{\"@type\":\"ListItem\",\"position\":2,\"name\":\"ISO-40 T Model\"}]},{\"@type\":\"WebSite\",\"@id\":\"https:\/\/bunkerworld.eu\/#website\",\"url\":\"https:\/\/bunkerworld.eu\/\",\"name\":\"Bunker World\",\"description\":\"Seguridad y protecci\u00f3n en tu hogar\",\"potentialAction\":[{\"@type\":\"SearchAction\",\"target\":{\"@type\":\"EntryPoint\",\"urlTemplate\":\"https:\/\/bunkerworld.eu\/?s={search_term_string}\"},\"query-input\":{\"@type\":\"PropertyValueSpecification\",\"valueRequired\":true,\"valueName\":\"search_term_string\"}}],\"inLanguage\":\"en-US\"}]}<\/script>\n<!-- \/ Yoast SEO plugin. -->","yoast_head_json":{"title":"Personalizaci\u00f3n de vivienda en habitaci\u00f3n del p\u00e1nico - Bunker World","description":"Podemos ocuparnos de la personalizaci\u00f3n de vivienda en habitaci\u00f3n del p\u00e1nico. Convertimos tu hogar en un b\u00fanker de seguridad.","robots":{"index":"index","follow":"follow","max-snippet":"max-snippet:-1","max-image-preview":"max-image-preview:large","max-video-preview":"max-video-preview:-1"},"canonical":"https:\/\/bunkerworld.eu\/modelo-iso-40-t\/","og_locale":"en_US","og_type":"article","og_title":"Personalizaci\u00f3n de vivienda en habitaci\u00f3n del p\u00e1nico - Bunker World","og_description":"Podemos ocuparnos de la personalizaci\u00f3n de vivienda en habitaci\u00f3n del p\u00e1nico. Convertimos tu hogar en un b\u00fanker de seguridad.","og_url":"https:\/\/bunkerworld.eu\/modelo-iso-40-t\/","og_site_name":"Bunker World","article_modified_time":"2024-11-29T08:40:22+00:00","og_image":[{"url":"https:\/\/bunkerworld.eu\/wp-content\/uploads\/2023\/07\/Bunker-world-logo-300x192.png"}],"twitter_card":"summary_large_image","twitter_misc":{"Est. reading time":"2 minutes"},"schema":{"@context":"https:\/\/schema.org","@graph":[{"@type":"WebPage","@id":"https:\/\/bunkerworld.eu\/modelo-iso-40-t\/","url":"https:\/\/bunkerworld.eu\/modelo-iso-40-t\/","name":"Personalizaci\u00f3n de vivienda en habitaci\u00f3n del p\u00e1nico - Bunker World","isPartOf":{"@id":"https:\/\/bunkerworld.eu\/#website"},"primaryImageOfPage":{"@id":"https:\/\/bunkerworld.eu\/modelo-iso-40-t\/#primaryimage"},"image":{"@id":"https:\/\/bunkerworld.eu\/modelo-iso-40-t\/#primaryimage"},"thumbnailUrl":"https:\/\/bunkerworld.eu\/wp-content\/uploads\/2023\/07\/Bunker-world-logo-300x192.png","datePublished":"2024-11-26T14:41:56+00:00","dateModified":"2024-11-29T08:40:22+00:00","description":"Podemos ocuparnos de la personalizaci\u00f3n de vivienda en habitaci\u00f3n del p\u00e1nico. Convertimos tu hogar en un b\u00fanker de seguridad.","breadcrumb":{"@id":"https:\/\/bunkerworld.eu\/modelo-iso-40-t\/#breadcrumb"},"inLanguage":"en-US","potentialAction":[{"@type":"ReadAction","target":["https:\/\/bunkerworld.eu\/modelo-iso-40-t\/"]}]},{"@type":"ImageObject","inLanguage":"en-US","@id":"https:\/\/bunkerworld.eu\/modelo-iso-40-t\/#primaryimage","url":"https:\/\/bunkerworld.eu\/wp-content\/uploads\/2023\/07\/Bunker-world-logo-300x192.png","contentUrl":"https:\/\/bunkerworld.eu\/wp-content\/uploads\/2023\/07\/Bunker-world-logo-300x192.png"},{"@type":"BreadcrumbList","@id":"https:\/\/bunkerworld.eu\/modelo-iso-40-t\/#breadcrumb","itemListElement":[{"@type":"ListItem","position":1,"name":"Portada","item":"https:\/\/bunkerworld.eu\/"},{"@type":"ListItem","position":2,"name":"ISO-40 T Model"}]},{"@type":"WebSite","@id":"https:\/\/bunkerworld.eu\/#website","url":"https:\/\/bunkerworld.eu\/","name":"Bunker World","description":"Seguridad y protecci\u00f3n en tu hogar","potentialAction":[{"@type":"SearchAction","target":{"@type":"EntryPoint","urlTemplate":"https:\/\/bunkerworld.eu\/?s={search_term_string}"},"query-input":{"@type":"PropertyValueSpecification","valueRequired":true,"valueName":"search_term_string"}}],"inLanguage":"en-US"}]}},"_links":{"self":[{"href":"https:\/\/bunkerworld.eu\/en\/wp-json\/wp\/v2\/pages\/3570","targetHints":{"allow":["GET"]}}],"collection":[{"href":"https:\/\/bunkerworld.eu\/en\/wp-json\/wp\/v2\/pages"}],"about":[{"href":"https:\/\/bunkerworld.eu\/en\/wp-json\/wp\/v2\/types\/page"}],"author":[{"embeddable":true,"href":"https:\/\/bunkerworld.eu\/en\/wp-json\/wp\/v2\/users\/2"}],"replies":[{"embeddable":true,"href":"https:\/\/bunkerworld.eu\/en\/wp-json\/wp\/v2\/comments?post=3570"}],"version-history":[{"count":20,"href":"https:\/\/bunkerworld.eu\/en\/wp-json\/wp\/v2\/pages\/3570\/revisions"}],"predecessor-version":[{"id":4533,"href":"https:\/\/bunkerworld.eu\/en\/wp-json\/wp\/v2\/pages\/3570\/revisions\/4533"}],"wp:attachment":[{"href":"https:\/\/bunkerworld.eu\/en\/wp-json\/wp\/v2\/media?parent=3570"}],"curies":[{"name":"wp","href":"https:\/\/api.w.org\/{rel}","templated":true}]}}